{"id":103,"date":"2017-06-28T20:20:48","date_gmt":"2017-06-28T18:20:48","guid":{"rendered":"http:\/\/lernstatt-ev.de\/deutschkurs\/?page_id=103"},"modified":"2017-07-21T11:30:31","modified_gmt":"2017-07-21T09:30:31","slug":"unser-team","status":"publish","type":"page","link":"https:\/\/lernstatt-ev.de\/deutschkurs\/unser-team\/","title":{"rendered":"Unser Team"},"content":{"rendered":"<p><strong><img loading=\"lazy\" decoding=\"async\" class=\"alignright wp-image-318\" src=\"http:\/\/lernstatt-ev.de\/deutschkurs\/wp-content\/uploads\/2017\/06\/Dozentinnen-300x199.jpg\" alt=\"Dozentinnen\" width=\"450\" height=\"298\" srcset=\"https:\/\/lernstatt-ev.de\/deutschkurs\/wp-content\/uploads\/2017\/06\/Dozentinnen-300x199.jpg 300w, https:\/\/lernstatt-ev.de\/deutschkurs\/wp-content\/uploads\/2017\/06\/Dozentinnen.jpg 755w\" sizes=\"auto, (max-width: 450px) 100vw, 450px\" \/>Unsere Dozentinnen<\/strong><\/p>\n<p>Bei Lernstatt unterrichten 23 DozentInnen mit langj\u00e4hriger Erfahrung in der Erwachsenenbildung. Einige unserer Lehrkr\u00e4fte haben selbst Migrationshintergrund, alle verf\u00fcgen eine ausgewiesene interkulturelle Kompetenz und sind mit den Herkunftsl\u00e4ndern unserer Teilnehmer und der dortigen Kultur vertraut.<\/p>\n<p>Alle Dozenten haben an Universit\u00e4ten studiert, viele mit dem Abschluss Deutsch als Fremdsprache oder Deutsch als Zweitsprache. Nat\u00fcrlich sind alle unserer Lehrkr\u00e4fte in Integrationskursen f\u00fcr den Unterricht durch das Bundesamt f\u00fcr Migration und Fl\u00fcchtlinge zugelassen. Die Alphabetisierungskurse werden von DozentInnen geleitet die \u00fcber die daf\u00fcr notwendige Qualifikation verf\u00fcgen.<\/p>\n<p>Die DozentInnen von Lernstatt sprechen insgesamt \u00fcber mehr als 20 Sprachen. Sollten einmal Probleme zum Beispiel mit Beh\u00f6rden auftreten,\u00a0 k\u00f6nnen viele unserer DozentInnen\u00a0 den Sch\u00fclern auch einmal in ihrer Muttersprache weiterhelfen.<\/p>\n<p>&nbsp;<\/p>\n<p><strong>Unser B\u00fcro<\/strong><\/p>\n<p>In unserem B\u00fcro finden Sie ein fachkundiges Team, das f\u00fcr Sie individuelle und praxisorientierte L\u00f6sungen in sympathischer Atmosph\u00e4re findet. Wir unterst\u00fctzen Sie in allen Phasen Ihres Kursbesuches (von der Anmeldung bis zur Pr\u00fcfung) und beraten Sie in vielen Sprachen. Gerne helfen wir Ihnen auch bei Fragen und Problemen mit Beh\u00f6rden und vermitteln Sie an die zust\u00e4ndigen\u00a0 Beratungsstellen.<\/p>\n<p>&nbsp;<\/p>\n<p><strong>Unsere Kinderbetreuer<\/strong><\/p>\n<p>Die Betreuung Ihrer Kinder \u00fcbernehmen bei uns kinderliebende und sympathische Frauen mit Migrationshintergrund, die auch oft bei uns Deutsch gelernt haben. Unsere Kinderbetreuung ist multikulturell \u2013 wie unsere Teilnehmer auch.<\/p>\n<p>&nbsp;<\/p>\n<p><strong>Unsere Hausaufgabenbetreuer<\/strong><\/p>\n<p>Wer die Hausaufgaben Ihrer Kinder betreut, muss selbst wissen, was die richtigen L\u00f6sungen sind und welche Voraussetzungen Sch\u00fcler f\u00fcr den eBBR und BBR erf\u00fcllen m\u00fcssen. Bei Lernstatt \u00fcbernehmen diese Aufgabe Doktorandinnen und Studenten. So sind Ihre Kinder auch in den Schularbeitszirkeln in den besten H\u00e4nden.<\/p>\n","protected":false},"excerpt":{"rendered":"<p>Unsere Dozentinnen Bei Lernstatt unterrichten 23 DozentInnen mit langj\u00e4hriger Erfahrung in der Erwachsenenbildung. Einige unserer Lehrkr\u00e4fte haben selbst Migrationshintergrund, alle verf\u00fcgen eine ausgewiesene interkulturelle Kompetenz und sind mit den Herkunftsl\u00e4ndern unserer Teilnehmer und der dortigen Kultur vertraut. Alle Dozenten haben an Universit\u00e4ten studiert, viele mit dem Abschluss Deutsch als Fremdsprache oder Deutsch als Zweitsprache. Nat\u00fcrlich <a href=\"https:\/\/lernstatt-ev.de\/deutschkurs\/unser-team\/\" rel=\"nofollow\"><span class=\"sr-only\">Read more about Unser Team<\/span>[&hellip;]<\/a><\/p>\n","protected":false},"author":2,"featured_media":0,"parent":0,"menu_order":0,"comment_status":"closed","ping_status":"closed","template":"template-fullwidth.php","meta":{"footnotes":""},"class_list":["post-103","page","type-page","status-publish","hentry"],"_links":{"self":[{"href":"https:\/\/lernstatt-ev.de\/deutschkurs\/wp-json\/wp\/v2\/pages\/103","targetHints":{"allow":["GET"]}}],"collection":[{"href":"https:\/\/lernstatt-ev.de\/deutschkurs\/wp-json\/wp\/v2\/pages"}],"about":[{"href":"https:\/\/lernstatt-ev.de\/deutschkurs\/wp-json\/wp\/v2\/types\/page"}],"author":[{"embeddable":true,"href":"https:\/\/lernstatt-ev.de\/deutschkurs\/wp-json\/wp\/v2\/users\/2"}],"replies":[{"embeddable":true,"href":"https:\/\/lernstatt-ev.de\/deutschkurs\/wp-json\/wp\/v2\/comments?post=103"}],"version-history":[{"count":4,"href":"https:\/\/lernstatt-ev.de\/deutschkurs\/wp-json\/wp\/v2\/pages\/103\/revisions"}],"predecessor-version":[{"id":319,"href":"https:\/\/lernstatt-ev.de\/deutschkurs\/wp-json\/wp\/v2\/pages\/103\/revisions\/319"}],"wp:attachment":[{"href":"https:\/\/lernstatt-ev.de\/deutschkurs\/wp-json\/wp\/v2\/media?parent=103"}],"curies":[{"name":"wp","href":"https:\/\/api.w.org\/{rel}","templated":true}]}}