{"id":13,"date":"2017-05-17T22:12:11","date_gmt":"2017-05-17T20:12:11","guid":{"rendered":"http:\/\/lernstatt-ev.de\/deutschkurs\/?page_id=13"},"modified":"2023-10-11T17:40:55","modified_gmt":"2023-10-11T15:40:55","slug":"anmeldung","status":"publish","type":"page","link":"https:\/\/lernstatt-ev.de\/deutschkurs\/anmeldung\/","title":{"rendered":"Anmeldung"},"content":{"rendered":"<p><strong>Anmeldung<\/strong><\/p>\n<p>Zu unseren Angeboten k\u00f6nnen Sie sich von<\/p>\n<ul>\n<li>Montag &#8211; Freitag 09:00 bis 16:00 Uhr<\/li>\n<\/ul>\n<p>anmelden. Bei Bedarf\u00a0 k\u00f6nnen auch Termine vereinbart werden.<\/p>\n<p><strong>Was bringe ich mit?<\/strong><\/p>\n<ul>\n<li>wenn vorhanden: Ihren Berechtigungsschein auf Teilnahme an einem Integrationskurs<\/li>\n<li>Pass oder Ausweis<\/li>\n<li>Jobcenterbewilligungsbescheid <strong>oder<\/strong> Wohngeldbescheid <strong>oder<\/strong> Bescheinigung von LAGESO<\/li>\n<\/ul>\n<p><strong>Einstufungstest<\/strong><\/p>\n<p>Vor Kursbeginn f\u00fchren wir mit Ihnen einen Einstufungstest und ein ausf\u00fchrliches Gespr\u00e4ch durch. Dadurch erkennen wir Ihre Vorkenntnisse und k\u00f6nnen f\u00fcr sie dann den f\u00fcr Sie optimalen Kurs oder Kursabschnitt finden. Dieser Einstufungstest ist f\u00fcr Sie kostenlos und dauert rund 30 Minuten. Bei Bedarf k\u00f6nnen wir daf\u00fcr auch gerne einen separaten Termin vereinbaren.<\/p>\n<p><strong>Kosten<\/strong><\/p>\n<p>Die Kurse sind f\u00fcr alle Sozialhilfeempf\u00e4nger kostenlos. Das Bundesamt \u00fcbernimmt bei allen anderen berechtigten Teilnehmern\u00a0 die H\u00e4lfte der Kurskosten, d.h. der Teilnehmer hat \u00a02,29 Euro pro Stunde Selbstbeteiligung an dem Kurs.<\/p>\n<p><strong>Kurszeiten<br \/>\n<\/strong>Unsere Kurszeiten sind von:<\/p>\n<ul>\n<li>Montag bis Freitag von 09.00 &#8211; 12.15 Uhr<\/li>\n<li>Montag bis Freitag von 12.30 &#8211; 15.45 Uhr<\/li>\n<li>Montag bis Freitag von 17.00 &#8211; 20.15 Uhr<\/li>\n<\/ul>\n<p>Die Kurse sind Vollzeitkurse mit 20 Stunden in der Woche!<\/p>\n<p><strong>Dauer der Kurse<\/strong><\/p>\n<table border=\"0\" width=\"350\">\n<tbody>\n<tr>\n<td width=\"250\">Allgemeine Integrationskurse:<\/td>\n<td>700 Stunden<\/td>\n<\/tr>\n<tr>\n<td width=\"250\">Elternintegrationskurse:<\/td>\n<td>1000 Stunden<\/td>\n<\/tr>\n<tr>\n<td width=\"250\">Alphabetisierungskurse:<\/td>\n<td>1300 Stunden<\/td>\n<\/tr>\n<tr>\n<td width=\"250\">Frauenkurse:<\/td>\n<td>1000 Stunden<\/td>\n<\/tr>\n<\/tbody>\n<\/table>\n<p><strong>Dauer der Berufssprachkurse:<\/strong><\/p>\n<ul>\n<li>A2 \u00a0400 UE<\/li>\n<li>B1 \u00a0400 UE<\/li>\n<li>B2 \u00a0400 UE<\/li>\n<li>B2 \u00a0500 UE<\/li>\n<li>C1 \u00a0400 UE<\/li>\n<li>C2 \u00a0400 UE<\/li>\n<\/ul>\n<p><strong>Weitere Information: <\/strong><\/p>\n<p>Telefon: 030 4553011, \u00a0E-Mail: info@lernstatt-ev.de<\/p>\n","protected":false},"excerpt":{"rendered":"<p>Anmeldung Zu unseren Angeboten k\u00f6nnen Sie sich von Montag &#8211; Freitag 09:00 bis 16:00 Uhr anmelden. Bei Bedarf\u00a0 k\u00f6nnen auch Termine vereinbart werden. Was bringe ich mit? wenn vorhanden: Ihren Berechtigungsschein auf Teilnahme an einem Integrationskurs Pass oder Ausweis Jobcenterbewilligungsbescheid oder Wohngeldbescheid oder Bescheinigung von LAGESO Einstufungstest Vor Kursbeginn f\u00fchren wir mit Ihnen einen Einstufungstest <a href=\"https:\/\/lernstatt-ev.de\/deutschkurs\/anmeldung\/\" rel=\"nofollow\"><span class=\"sr-only\">Read more about Anmeldung<\/span>[&hellip;]<\/a><\/p>\n","protected":false},"author":2,"featured_media":0,"parent":0,"menu_order":0,"comment_status":"closed","ping_status":"closed","template":"template-fullwidth.php","meta":{"footnotes":""},"class_list":["post-13","page","type-page","status-publish","hentry"],"_links":{"self":[{"href":"https:\/\/lernstatt-ev.de\/deutschkurs\/wp-json\/wp\/v2\/pages\/13","targetHints":{"allow":["GET"]}}],"collection":[{"href":"https:\/\/lernstatt-ev.de\/deutschkurs\/wp-json\/wp\/v2\/pages"}],"about":[{"href":"https:\/\/lernstatt-ev.de\/deutschkurs\/wp-json\/wp\/v2\/types\/page"}],"author":[{"embeddable":true,"href":"https:\/\/lernstatt-ev.de\/deutschkurs\/wp-json\/wp\/v2\/users\/2"}],"replies":[{"embeddable":true,"href":"https:\/\/lernstatt-ev.de\/deutschkurs\/wp-json\/wp\/v2\/comments?post=13"}],"version-history":[{"count":22,"href":"https:\/\/lernstatt-ev.de\/deutschkurs\/wp-json\/wp\/v2\/pages\/13\/revisions"}],"predecessor-version":[{"id":562,"href":"https:\/\/lernstatt-ev.de\/deutschkurs\/wp-json\/wp\/v2\/pages\/13\/revisions\/562"}],"wp:attachment":[{"href":"https:\/\/lernstatt-ev.de\/deutschkurs\/wp-json\/wp\/v2\/media?parent=13"}],"curies":[{"name":"wp","href":"https:\/\/api.w.org\/{rel}","templated":true}]}}