{"id":130,"date":"2017-07-04T12:13:33","date_gmt":"2017-07-04T10:13:33","guid":{"rendered":"http:\/\/lernstatt-ev.de\/deutschkurs\/?page_id=130"},"modified":"2023-10-11T17:36:10","modified_gmt":"2023-10-11T15:36:10","slug":"auf-einen-blick","status":"publish","type":"page","link":"https:\/\/lernstatt-ev.de\/deutschkurs\/auf-einen-blick\/","title":{"rendered":"Auf einen Blick"},"content":{"rendered":"<p><strong>Anmeldung<\/strong><\/p>\n<p>Zu unseren Angeboten k\u00f6nnen Sie sich von<strong><img loading=\"lazy\" decoding=\"async\" class=\"wp-image-312 alignright\" src=\"http:\/\/lernstatt-ev.de\/deutschkurs\/wp-content\/uploads\/2017\/06\/Leitbild-300x199.jpg\" alt=\"Leitbild\" width=\"450\" height=\"298\" srcset=\"https:\/\/lernstatt-ev.de\/deutschkurs\/wp-content\/uploads\/2017\/06\/Leitbild-300x199.jpg 300w, https:\/\/lernstatt-ev.de\/deutschkurs\/wp-content\/uploads\/2017\/06\/Leitbild.jpg 755w\" sizes=\"auto, (max-width: 450px) 100vw, 450px\" \/><\/strong><\/p>\n<ul>\n<li>Montag \u00a0bis Freitag von 09:00 bis 16:00 Uhr<\/li>\n<\/ul>\n<p>anmelden. Bei Bedarf \u00a0k\u00f6nnen auch Termine am Abend vereinbart werden.<\/p>\n<p>&nbsp;<\/p>\n<p><strong>Was bringe ich mit?<\/strong><\/p>\n<ul>\n<li>wenn vorhanden: Ihren Berechtigungsschein auf Teilnahme an einem Integrationskurs<\/li>\n<\/ul>\n<ul>\n<li>Pass oder Ausweis<\/li>\n<li>Jobcenterbewilligungsbescheid <strong>oder<\/strong> Wohngeldbescheid <strong>oder<\/strong> Bescheinigung von LAGESO<\/li>\n<\/ul>\n<p>&nbsp;<\/p>\n<p><strong>Einstufungstest<\/strong><\/p>\n<p>Vor Kursbeginn f\u00fchren wir mit Ihnen einen Einstufungstest und ein ausf\u00fchrliches Gespr\u00e4ch durch. Dadurch erkennen wir Ihre Vorkenntnisse und k\u00f6nnen f\u00fcr sie dann den f\u00fcr Sie optimalen Kurs oder Kursabschnitt finden. Dieser Einstufungstest ist f\u00fcr Sie kostenlos und dauert rund 30 Minuten. Bei Bedarf k\u00f6nnen wir daf\u00fcr auch gerne einen separaten Termin vereinbaren.<\/p>\n<p>&nbsp;<\/p>\n<p><strong>Pr\u00fcfungen f\u00fcr Integrationskursteilnehmer<\/strong><\/p>\n<p>Der Integrationskurs besteht aus einem Sprachkurs und einem Orientierungskurs \u00fcber das leben in Deutschland. Er endet mit dem \u201eZD \u2013 Zertifikat Deutsch\u201c das aus zwei Teilen besteht:<\/p>\n<ul>\n<li>Im Sprachtest (DTZ \u2013 Deutsch-Test f\u00fcr Zuwanderer A2-B1) wird gepr\u00fcft, ob Sie nach dem Kurs \u00fcber ausreichende m\u00fcndliche und schriftliche Deutschkenntnisse verf\u00fcgen.<\/li>\n<li>Mit dem Test \u201eLeben in Deutschland\u201c (Einb\u00fcrgerungstest) wird gepr\u00fcft, was Sie im Orientierungskurs gelernt haben.<\/li>\n<\/ul>\n<p>Beide Pr\u00fcfungen sind kostenfrei bzw. in den Geb\u00fchren f\u00fcr den Integrationskurs enthalten.<\/p>\n<p>&nbsp;<\/p>\n<p><strong>Kosten<\/strong><\/p>\n<p>Die Kurse sind f\u00fcr alle Sozialhilfeempf\u00e4nger kostenlos. Das Bundesamt \u00fcbernimmt bei allen anderen berechtigten Teilnehmern\u00a0 die H\u00e4lfte der Kurskosten, d.h. der Teilnehmer hat \u00a02,29 \u00a0Euro pro Stunde Selbstbeteiligung an dem Kurs.<\/p>\n<p>&nbsp;<\/p>\n<p><strong>Kurszeiten<\/strong><\/p>\n<p>Unsere Kurszeiten sind von:<\/p>\n<ul>\n<li>&#8211; Fr. von 09.00 &#8211; 12.15 Uhr<\/li>\n<li>&#8211; Fr. von 12.30 &#8211; 15.45 Uhr<\/li>\n<li>&#8211; Fr. von 17.00 &#8211; 20.15 Uhr<\/li>\n<\/ul>\n<p>Die Kurse sind Vollzeitkurse mit 20 Stunden in der Woche!<\/p>\n<p>&nbsp;<\/p>\n<p><strong>Dauer der Integrationskurse:<\/strong><\/p>\n<ul>\n<li>Allgemeine Integrationskurse: \u00a0 600 UE + 100 UE Orientierungskurs<\/li>\n<li>Elternintegrationskurse: \u00a0 \u00a0 \u00a0 \u00a0 \u00a0 \u00a0 \u00a0900 UE + 100 UE Orientierungskurs<\/li>\n<li>Alphabetisierungskurse: \u00a0 \u00a0 \u00a0 \u00a0 \u00a0 \u00a0 1200 UE + 100 UE Orientierungskurs<\/li>\n<li>Frauenkurse: \u00a0 \u00a0 \u00a0 \u00a0 \u00a0 \u00a0 \u00a0 \u00a0 \u00a0 \u00a0 \u00a0 \u00a0 \u00a0 \u00a0 \u00a0 \u00a0 \u00a0 900 UE\u00a0+ 100 UE Orientierungskurs<\/li>\n<li>Jugendintegrationskurse: \u00a0 \u00a0 \u00a0 \u00a0 \u00a0 \u00a0900 UE\u00a0+ 100 UE Orientierungskurs<\/li>\n<\/ul>\n<p><strong>Dauer der Berufssprachkurse:<\/strong><\/p>\n<ul>\n<li>A2 \u00a0400 UE<\/li>\n<li>B1 \u00a0400 UE<\/li>\n<li>B2 \u00a0400 UE<\/li>\n<li>B2 \u00a0500 UE<\/li>\n<li>C1 \u00a0400 UE<\/li>\n<li>C2 \u00a0400 UE<\/li>\n<\/ul>\n<p>&nbsp;<\/p>\n<p><strong>Weitere Information: <\/strong><\/p>\n<p>Telefon: 030 4553011, \u00a0E-Mail: info@lernstatt-ev.de<\/p>\n","protected":false},"excerpt":{"rendered":"<p>Anmeldung Zu unseren Angeboten k\u00f6nnen Sie sich von Montag \u00a0bis Freitag von 09:00 bis 16:00 Uhr anmelden. Bei Bedarf \u00a0k\u00f6nnen auch Termine am Abend vereinbart werden. &nbsp; Was bringe ich mit? wenn vorhanden: Ihren Berechtigungsschein auf Teilnahme an einem Integrationskurs Pass oder Ausweis Jobcenterbewilligungsbescheid oder Wohngeldbescheid oder Bescheinigung von LAGESO &nbsp; Einstufungstest Vor Kursbeginn f\u00fchren <a href=\"https:\/\/lernstatt-ev.de\/deutschkurs\/auf-einen-blick\/\" rel=\"nofollow\"><span class=\"sr-only\">Read more about Auf einen Blick<\/span>[&hellip;]<\/a><\/p>\n","protected":false},"author":2,"featured_media":0,"parent":0,"menu_order":0,"comment_status":"closed","ping_status":"closed","template":"template-fullwidth.php","meta":{"footnotes":""},"class_list":["post-130","page","type-page","status-publish","hentry"],"_links":{"self":[{"href":"https:\/\/lernstatt-ev.de\/deutschkurs\/wp-json\/wp\/v2\/pages\/130","targetHints":{"allow":["GET"]}}],"collection":[{"href":"https:\/\/lernstatt-ev.de\/deutschkurs\/wp-json\/wp\/v2\/pages"}],"about":[{"href":"https:\/\/lernstatt-ev.de\/deutschkurs\/wp-json\/wp\/v2\/types\/page"}],"author":[{"embeddable":true,"href":"https:\/\/lernstatt-ev.de\/deutschkurs\/wp-json\/wp\/v2\/users\/2"}],"replies":[{"embeddable":true,"href":"https:\/\/lernstatt-ev.de\/deutschkurs\/wp-json\/wp\/v2\/comments?post=130"}],"version-history":[{"count":14,"href":"https:\/\/lernstatt-ev.de\/deutschkurs\/wp-json\/wp\/v2\/pages\/130\/revisions"}],"predecessor-version":[{"id":546,"href":"https:\/\/lernstatt-ev.de\/deutschkurs\/wp-json\/wp\/v2\/pages\/130\/revisions\/546"}],"wp:attachment":[{"href":"https:\/\/lernstatt-ev.de\/deutschkurs\/wp-json\/wp\/v2\/media?parent=130"}],"curies":[{"name":"wp","href":"https:\/\/api.w.org\/{rel}","templated":true}]}}