{"id":152,"date":"2017-07-04T12:25:01","date_gmt":"2017-07-04T10:25:01","guid":{"rendered":"http:\/\/lernstatt-ev.de\/deutschkurs\/?page_id=152"},"modified":"2025-06-16T19:13:02","modified_gmt":"2025-06-16T17:13:02","slug":"berufsdeutsch-fuer-pflege","status":"publish","type":"page","link":"https:\/\/lernstatt-ev.de\/deutschkurs\/berufsdeutsch-fuer-pflege\/","title":{"rendered":"Job-BSK"},"content":{"rendered":"<p>Menschen mit Deutsch als Fremdsprache lernen mit den Job-BSK Sprache, die im Arbeitsalltag unmittelbar relevant ist. \u00a0Job-Berufssprachkurse k\u00f6nnen Besch\u00e4ftigte, oder diejenigen, die sich f\u00fcr diese Besch\u00e4ftigung interessieren, besuchen. Der Kurs erm\u00f6glicht berufsbegleitend Sprache zu erwerben.<\/p>\n<p>\u2022 Auf den Arbeitsplatz bezogener, gezielter Spracherwerb f\u00fchrt innerhalb von kurzer Zeit zu Erfolgserlebnissen und motiviert Mitarbeitende.<br \/>\n\u2022 Die Besch\u00e4ftigten trainieren situationsbezogene Kommunikation am Arbeitsplatz, wie zum Beispiel Auftragsbest\u00e4tigungen, Gefahrenunterweisungen, pflegerisches Aufnahmegespr\u00e4ch.<br \/>\n\u2022 Lerninhalte werden in Abstimmung mit dem Arbeitgeber ermittelt. Die konkret ben\u00f6tigten Sprachhandlungen werden nach dieser individuellen Sprachbedarfsanalyse vertieft.<br \/>\n\u2022 Ma\u00dfgeschneidert wird das Sprachlehrangebot durch individuelles Sprachcoaching (5 UE) inklusive Lernberatung und gezieltes Feedback durch die Lehrkraft.<br \/>\n\u2022 Ausbilderinnen und Ausbilder im Betrieb\/Fachdozierende k\u00f6nnen mit der Sprachlehrkraft im Tandem unterrichten (\u201eTeamteaching\u201c).<\/p>\n<p><strong>o B\u00fcrokommunikation (Verwaltung), start 30.06.25 <\/strong><\/p>\n<p>o Gesundheit und Pflege<br \/>\no Hotel- und Gastst\u00e4ttengewerbe<br \/>\no Lager und Logistik<br \/>\no Gewerbe und Technik (Handwerk)<br \/>\no Handel (Einzelhandel); IT<\/p>\n","protected":false},"excerpt":{"rendered":"<p>Menschen mit Deutsch als Fremdsprache lernen mit den Job-BSK Sprache, die im Arbeitsalltag unmittelbar relevant ist. \u00a0Job-Berufssprachkurse k\u00f6nnen Besch\u00e4ftigte, oder diejenigen, die sich f\u00fcr diese Besch\u00e4ftigung interessieren, besuchen. Der Kurs erm\u00f6glicht berufsbegleitend Sprache zu erwerben. \u2022 Auf den Arbeitsplatz bezogener, gezielter Spracherwerb f\u00fchrt innerhalb von kurzer Zeit zu Erfolgserlebnissen und motiviert Mitarbeitende. \u2022 Die Besch\u00e4ftigten <a href=\"https:\/\/lernstatt-ev.de\/deutschkurs\/berufsdeutsch-fuer-pflege\/\" rel=\"nofollow\"><span class=\"sr-only\">Read more about Job-BSK<\/span>[&hellip;]<\/a><\/p>\n","protected":false},"author":2,"featured_media":0,"parent":0,"menu_order":0,"comment_status":"closed","ping_status":"closed","template":"template-fullwidth.php","meta":{"footnotes":""},"class_list":["post-152","page","type-page","status-publish","hentry"],"_links":{"self":[{"href":"https:\/\/lernstatt-ev.de\/deutschkurs\/wp-json\/wp\/v2\/pages\/152","targetHints":{"allow":["GET"]}}],"collection":[{"href":"https:\/\/lernstatt-ev.de\/deutschkurs\/wp-json\/wp\/v2\/pages"}],"about":[{"href":"https:\/\/lernstatt-ev.de\/deutschkurs\/wp-json\/wp\/v2\/types\/page"}],"author":[{"embeddable":true,"href":"https:\/\/lernstatt-ev.de\/deutschkurs\/wp-json\/wp\/v2\/users\/2"}],"replies":[{"embeddable":true,"href":"https:\/\/lernstatt-ev.de\/deutschkurs\/wp-json\/wp\/v2\/comments?post=152"}],"version-history":[{"count":7,"href":"https:\/\/lernstatt-ev.de\/deutschkurs\/wp-json\/wp\/v2\/pages\/152\/revisions"}],"predecessor-version":[{"id":631,"href":"https:\/\/lernstatt-ev.de\/deutschkurs\/wp-json\/wp\/v2\/pages\/152\/revisions\/631"}],"wp:attachment":[{"href":"https:\/\/lernstatt-ev.de\/deutschkurs\/wp-json\/wp\/v2\/media?parent=152"}],"curies":[{"name":"wp","href":"https:\/\/api.w.org\/{rel}","templated":true}]}}