{"id":162,"date":"2017-07-04T12:30:47","date_gmt":"2017-07-04T10:30:47","guid":{"rendered":"http:\/\/lernstatt-ev.de\/deutschkurs\/?page_id=162"},"modified":"2017-07-04T12:30:47","modified_gmt":"2017-07-04T10:30:47","slug":"kinderbetreuung","status":"publish","type":"page","link":"https:\/\/lernstatt-ev.de\/deutschkurs\/kinderbetreuung\/","title":{"rendered":"Kinderbetreuung"},"content":{"rendered":"<p><strong>Kostenlose Kinderbetreuung<\/strong><\/p>\n<p>Eigene Integrationskurse speziell f\u00fcr Eltern geh\u00f6ren zu unserem umfassenden Lehrprogramm, durch das sich Lernstatt e.V. von vielen anderen Schulen unterscheidet. Denn Eltern ben\u00f6tigen wegen der Erziehung und F\u00f6rderung ihrer Kinder oft mehr Zeit, um sicheres und gutes Deutsch zu lernen.<\/p>\n<p>Damit an diesen Kursen auch Eltern teilnehmen k\u00f6nnen, deren Kinder noch nicht in den Kindergarten oder die Kita gehen, bieten wir w\u00e4hrend der Vormittags- und Mittagskurse eine kostenfreie Kinderbetreuung an. Erfahrene und verantwortungsbewusste M\u00fctter, die oft ehemalige Sch\u00fclerinnen von uns sind, betreuen die Kleinen, w\u00e4hrend sich ihre Eltern nebenan fit f\u00fcr das Leben in Deutschland machen. So gelingt Integration rundum!<\/p>\n","protected":false},"excerpt":{"rendered":"<p>Kostenlose Kinderbetreuung Eigene Integrationskurse speziell f\u00fcr Eltern geh\u00f6ren zu unserem umfassenden Lehrprogramm, durch das sich Lernstatt e.V. von vielen anderen Schulen unterscheidet. Denn Eltern ben\u00f6tigen wegen der Erziehung und F\u00f6rderung ihrer Kinder oft mehr Zeit, um sicheres und gutes Deutsch zu lernen. Damit an diesen Kursen auch Eltern teilnehmen k\u00f6nnen, deren Kinder noch nicht in <a href=\"https:\/\/lernstatt-ev.de\/deutschkurs\/kinderbetreuung\/\" rel=\"nofollow\"><span class=\"sr-only\">Read more about Kinderbetreuung<\/span>[&hellip;]<\/a><\/p>\n","protected":false},"author":2,"featured_media":0,"parent":0,"menu_order":0,"comment_status":"closed","ping_status":"closed","template":"template-fullwidth.php","meta":{"footnotes":""},"class_list":["post-162","page","type-page","status-publish","hentry"],"_links":{"self":[{"href":"https:\/\/lernstatt-ev.de\/deutschkurs\/wp-json\/wp\/v2\/pages\/162","targetHints":{"allow":["GET"]}}],"collection":[{"href":"https:\/\/lernstatt-ev.de\/deutschkurs\/wp-json\/wp\/v2\/pages"}],"about":[{"href":"https:\/\/lernstatt-ev.de\/deutschkurs\/wp-json\/wp\/v2\/types\/page"}],"author":[{"embeddable":true,"href":"https:\/\/lernstatt-ev.de\/deutschkurs\/wp-json\/wp\/v2\/users\/2"}],"replies":[{"embeddable":true,"href":"https:\/\/lernstatt-ev.de\/deutschkurs\/wp-json\/wp\/v2\/comments?post=162"}],"version-history":[{"count":1,"href":"https:\/\/lernstatt-ev.de\/deutschkurs\/wp-json\/wp\/v2\/pages\/162\/revisions"}],"predecessor-version":[{"id":163,"href":"https:\/\/lernstatt-ev.de\/deutschkurs\/wp-json\/wp\/v2\/pages\/162\/revisions\/163"}],"wp:attachment":[{"href":"https:\/\/lernstatt-ev.de\/deutschkurs\/wp-json\/wp\/v2\/media?parent=162"}],"curies":[{"name":"wp","href":"https:\/\/api.w.org\/{rel}","templated":true}]}}