{"id":189,"date":"2017-07-14T19:10:30","date_gmt":"2017-07-14T17:10:30","guid":{"rendered":"http:\/\/lernstatt-ev.de\/deutschkurs\/?page_id=189"},"modified":"2021-06-01T09:16:10","modified_gmt":"2021-06-01T07:16:10","slug":"telc-a2-b1","status":"publish","type":"page","link":"https:\/\/lernstatt-ev.de\/deutschkurs\/telc-a2-b1\/","title":{"rendered":"&#8211; telc A1-C2"},"content":{"rendered":"<p>Termine f\u00fcr telc Deutsch A1-C2 Pr\u00fcfungen k\u00f6nnen individuell vereinbart werden.<\/p>\n","protected":false},"excerpt":{"rendered":"<p>Termine f\u00fcr telc Deutsch A1-C2 Pr\u00fcfungen k\u00f6nnen individuell vereinbart werden.<\/p>\n","protected":false},"author":2,"featured_media":0,"parent":0,"menu_order":0,"comment_status":"closed","ping_status":"closed","template":"","meta":{"footnotes":""},"class_list":["post-189","page","type-page","status-publish","hentry"],"_links":{"self":[{"href":"https:\/\/lernstatt-ev.de\/deutschkurs\/wp-json\/wp\/v2\/pages\/189","targetHints":{"allow":["GET"]}}],"collection":[{"href":"https:\/\/lernstatt-ev.de\/deutschkurs\/wp-json\/wp\/v2\/pages"}],"about":[{"href":"https:\/\/lernstatt-ev.de\/deutschkurs\/wp-json\/wp\/v2\/types\/page"}],"author":[{"embeddable":true,"href":"https:\/\/lernstatt-ev.de\/deutschkurs\/wp-json\/wp\/v2\/users\/2"}],"replies":[{"embeddable":true,"href":"https:\/\/lernstatt-ev.de\/deutschkurs\/wp-json\/wp\/v2\/comments?post=189"}],"version-history":[{"count":2,"href":"https:\/\/lernstatt-ev.de\/deutschkurs\/wp-json\/wp\/v2\/pages\/189\/revisions"}],"predecessor-version":[{"id":527,"href":"https:\/\/lernstatt-ev.de\/deutschkurs\/wp-json\/wp\/v2\/pages\/189\/revisions\/527"}],"wp:attachment":[{"href":"https:\/\/lernstatt-ev.de\/deutschkurs\/wp-json\/wp\/v2\/media?parent=189"}],"curies":[{"name":"wp","href":"https:\/\/api.w.org\/{rel}","templated":true}]}}