{"id":193,"date":"2017-07-14T19:10:56","date_gmt":"2017-07-14T17:10:56","guid":{"rendered":"http:\/\/lernstatt-ev.de\/deutschkurs\/?page_id=193"},"modified":"2023-08-10T17:02:53","modified_gmt":"2023-08-10T15:02:53","slug":"pruefungstermine","status":"publish","type":"page","link":"https:\/\/lernstatt-ev.de\/deutschkurs\/pruefungstermine\/","title":{"rendered":"Pr\u00fcfungstermine"},"content":{"rendered":"<p>Pr\u00fcfungstermine k\u00f6nnen individuell nach Beratung vereinbart werden:<\/p>\n<p>telc A1, A2, B1, B2, C1, C2\u00a0 Pr\u00fcfungen<\/p>\n<p>DTZ Pr\u00fcfung<\/p>\n<p>dtb-Pr\u00fcfungen:A2, B1, B2, C1<\/p>\n<p>Orientierungskurstest<\/p>\n<p>&nbsp;<\/p>\n","protected":false},"excerpt":{"rendered":"<p>Pr\u00fcfungstermine k\u00f6nnen individuell nach Beratung vereinbart werden: telc A1, A2, B1, B2, C1, C2\u00a0 Pr\u00fcfungen DTZ Pr\u00fcfung dtb-Pr\u00fcfungen:A2, B1, B2, C1 Orientierungskurstest &nbsp;<\/p>\n","protected":false},"author":2,"featured_media":0,"parent":0,"menu_order":0,"comment_status":"closed","ping_status":"closed","template":"","meta":{"footnotes":""},"class_list":["post-193","page","type-page","status-publish","hentry"],"_links":{"self":[{"href":"https:\/\/lernstatt-ev.de\/deutschkurs\/wp-json\/wp\/v2\/pages\/193","targetHints":{"allow":["GET"]}}],"collection":[{"href":"https:\/\/lernstatt-ev.de\/deutschkurs\/wp-json\/wp\/v2\/pages"}],"about":[{"href":"https:\/\/lernstatt-ev.de\/deutschkurs\/wp-json\/wp\/v2\/types\/page"}],"author":[{"embeddable":true,"href":"https:\/\/lernstatt-ev.de\/deutschkurs\/wp-json\/wp\/v2\/users\/2"}],"replies":[{"embeddable":true,"href":"https:\/\/lernstatt-ev.de\/deutschkurs\/wp-json\/wp\/v2\/comments?post=193"}],"version-history":[{"count":7,"href":"https:\/\/lernstatt-ev.de\/deutschkurs\/wp-json\/wp\/v2\/pages\/193\/revisions"}],"predecessor-version":[{"id":559,"href":"https:\/\/lernstatt-ev.de\/deutschkurs\/wp-json\/wp\/v2\/pages\/193\/revisions\/559"}],"wp:attachment":[{"href":"https:\/\/lernstatt-ev.de\/deutschkurs\/wp-json\/wp\/v2\/media?parent=193"}],"curies":[{"name":"wp","href":"https:\/\/api.w.org\/{rel}","templated":true}]}}