{"id":202,"date":"2017-07-14T19:22:35","date_gmt":"2017-07-14T17:22:35","guid":{"rendered":"http:\/\/lernstatt-ev.de\/deutschkurs\/?page_id=202"},"modified":"2023-08-10T16:56:12","modified_gmt":"2023-08-10T14:56:12","slug":"pruefungen-fuer-integrationskursteilnehmer-2","status":"publish","type":"page","link":"https:\/\/lernstatt-ev.de\/deutschkurs\/pruefungen-fuer-integrationskursteilnehmer-2\/","title":{"rendered":"Pr\u00fcfungen f\u00fcr Integrationskursteilnehmer"},"content":{"rendered":"<p>Die Integrationskursteilnehmer legen nach Beenden des Sprachkurses eine skalierte Pr\u00fcfung (A2-B1) \u00a0dtz ab. wir als Pr\u00fcfungszentrum f\u00fchren \u00a0dtz-Pr\u00fcfungen durch. Die Administration und Durchf\u00fchrung \u00fcbernimmt \u00a0die \u00a0das Pr\u00fcfungsinstitut \u00a0g.a.s.t (Gesellschaft f\u00fcr akademische Studienvorbereitung und Testentwicklung e.V. ) .<\/p>\n","protected":false},"excerpt":{"rendered":"<p>Die Integrationskursteilnehmer legen nach Beenden des Sprachkurses eine skalierte Pr\u00fcfung (A2-B1) \u00a0dtz ab. wir als Pr\u00fcfungszentrum f\u00fchren \u00a0dtz-Pr\u00fcfungen durch. Die Administration und Durchf\u00fchrung \u00fcbernimmt \u00a0die \u00a0das Pr\u00fcfungsinstitut \u00a0g.a.s.t (Gesellschaft f\u00fcr akademische Studienvorbereitung und Testentwicklung e.V. ) .<\/p>\n","protected":false},"author":2,"featured_media":0,"parent":0,"menu_order":0,"comment_status":"closed","ping_status":"closed","template":"template-fullwidth.php","meta":{"footnotes":""},"class_list":["post-202","page","type-page","status-publish","hentry"],"_links":{"self":[{"href":"https:\/\/lernstatt-ev.de\/deutschkurs\/wp-json\/wp\/v2\/pages\/202","targetHints":{"allow":["GET"]}}],"collection":[{"href":"https:\/\/lernstatt-ev.de\/deutschkurs\/wp-json\/wp\/v2\/pages"}],"about":[{"href":"https:\/\/lernstatt-ev.de\/deutschkurs\/wp-json\/wp\/v2\/types\/page"}],"author":[{"embeddable":true,"href":"https:\/\/lernstatt-ev.de\/deutschkurs\/wp-json\/wp\/v2\/users\/2"}],"replies":[{"embeddable":true,"href":"https:\/\/lernstatt-ev.de\/deutschkurs\/wp-json\/wp\/v2\/comments?post=202"}],"version-history":[{"count":2,"href":"https:\/\/lernstatt-ev.de\/deutschkurs\/wp-json\/wp\/v2\/pages\/202\/revisions"}],"predecessor-version":[{"id":556,"href":"https:\/\/lernstatt-ev.de\/deutschkurs\/wp-json\/wp\/v2\/pages\/202\/revisions\/556"}],"wp:attachment":[{"href":"https:\/\/lernstatt-ev.de\/deutschkurs\/wp-json\/wp\/v2\/media?parent=202"}],"curies":[{"name":"wp","href":"https:\/\/api.w.org\/{rel}","templated":true}]}}