{"id":391,"date":"2017-08-11T20:52:37","date_gmt":"2017-08-11T18:52:37","guid":{"rendered":"http:\/\/lernstatt-ev.de\/deutschkurs\/?page_id=391"},"modified":"2017-08-11T20:52:37","modified_gmt":"2017-08-11T18:52:37","slug":"datenschutz","status":"publish","type":"page","link":"https:\/\/lernstatt-ev.de\/deutschkurs\/datenschutz\/","title":{"rendered":"Datenschutz"},"content":{"rendered":"<p><strong>Haftung f\u00fcr Inhalte<\/strong><\/p>\n<p>Die Erstellung der Inhalte dieser Webseite erfolgte mit gr\u00f6\u00dftm\u00f6glicher Sorgfalt. Allerdings k\u00f6nnen wir keine Gew\u00e4hr f\u00fcr die Vollst\u00e4ndigkeit der bereitgestellten Inhalte, ihre Aktualit\u00e4t sowie Richtigkeit \u00fcbernehmen. Gem. \u00a7\u00a7 8 \u2013 10 TMG trifft uns als Dienstanbieter keine Pflicht, fremde Informationen, die \u00fcbermittelt oder gespeichert wurden, zu \u00fcberwachen oder nach Anhaltspunkten und Umst\u00e4nden zu forschen, die die Rechtswidrigkeit von T\u00e4tigkeiten und Informationen indizieren.<\/p>\n<p>Eine Verpflichtung unsererseits zur Nutzungssperrung von Inhalten im Rahmen der allgemeinen Gesetze bleibt hiervon stets unber\u00fchrt. Diese Haftung kommt jedoch erst im Moment der Kenntnisnahme einer konkreten Verletzung von Rechten in Frage. Sollten uns Rechtsverletzungen bekannt werden, so sind die entsprechenden Inhalte von uns unverz\u00fcglich zu entfernen.<\/p>\n<p>Unsere Haftung f\u00fcr eigene Inhalte richtet sich, als Dienstanbieter, nach den allgemeinen Gesetzen.<\/p>\n<p><strong>Haftung f\u00fcr Links<\/strong><\/p>\n<p>Diese Webseite beinhaltet Verlinkungen zu Webseiten Dritter \u2013 sog. externe Links. Die Inhalte dieser externen Links entziehen sich unserer Einflussnahme, sodass eine Gew\u00e4hr f\u00fcr solche Inhalte unsererseits nicht \u00fcbernommen wird.<\/p>\n<p>Die Verantwortung liegt stets beim jeweiligen Betreiber der externen Seiten. Zum Zeitpunkt der Verkn\u00fcpfung der externen Links waren keine Rechtsverst\u00f6\u00dfe ersichtlich. Die permanente \u00dcberwachung fremder Inhalte auf Rechtsverst\u00f6\u00dfe ohne konkrete Hinweise ist uns nicht zumutbar.<\/p>\n<p>Sollten wir Kenntnis von Rechtsverletzungen erlangen, werden wir die entsprechenden externen Links unverz\u00fcglich entfernen.<\/p>\n<p><strong>Urheberrecht\/Leistungsschutzrecht<\/strong><\/p>\n<p>Auf die vom Anbieter auf dieser Seite ver\u00f6ffentlichten Inhalte findet das deutsche Urheber und Leistungsschutzrecht Anwendung. Sofern die Vervielf\u00e4ltigung, Bearbeitung, Verbreitung oder jegliche andere Art der Verwertung au\u00dferhalb des deutschen Urheber- und Leistungsschutzrechts liegt, bedarf es einer schriftlichen Zustimmung des jeweiligen Erstellers. Unerlaubtes Kopieren oder Downloaden dieser Seiten ist ausschlie\u00dflich f\u00fcr den privaten Bereich, nicht jedoch f\u00fcr den kommerziellen, erlaubt. Sofern nicht wir als Betreiber auch als Ersteller der Inhalte fungieren, werden die Urheberrechte von Dritten beachtet. Wir sind stets bem\u00fcht solche Inhalte als Inhalte Dritter zu kennzeichnen. Wir bitten Sie f\u00fcr den Fall, dass Ihnen trotz sorgf\u00e4ltiger Arbeit unsererseits, eine Urheberrechtsverletzung auff\u00e4llt, uns entsprechend darauf hinzuweisen, sodass die Entfernung dieser Inhalte umgehend veranlasst werden kann.<\/p>\n<h4 class=\"western\"><\/h4>\n<p><strong><u>Datenschutzerkl\u00e4rung<br \/>\n<\/u><\/strong><\/p>\n<h4 class=\"western\">Vorwort<\/h4>\n<p align=\"JUSTIFY\">Die Betreiber dieser Webseite nehmen den Schutz der privaten Daten ernst. Die besondere Beachtung der Privatsph\u00e4re bei der Verarbeitung pers\u00f6nlicher Daten ist ein wichtiges Anliegen.<\/p>\n<p align=\"JUSTIFY\"><strong>Pers\u00f6nliche Daten werden gem\u00e4\u00df den Bestimmungen des Bundesdatenschutzgesetzes BDSG verwendet. Die Betreiber dieser Website verpflichten sich zur Verschwiegenheit. <\/strong><\/p>\n<p><strong>Datenschutz<\/strong><\/p>\n<div id=\"basics\" dir=\"LTR\">\n<p>Die Nutzung dieser Webseite ist regelm\u00e4\u00dfig ohne Angabe personenbezogener Daten m\u00f6glich. Sollten solche personenbezogenen Daten auf dieser Webseite dennoch erhoben werden, so erfolgt dies in Form einer freiwilligen Datenangabe durch den Nutzer. Eine Weitergabe der personenbezogenen Daten an Dritte erfolgt nicht, sofern keine ausdr\u00fcckliche Zustimmung des Nutzers abgegeben wurde.<\/p>\n<p>Sofern auf unseren Webseiten personenbezogene Daten erhoben werden, vollzieht sich die Erhebung dieser Daten stets im Rahmen der Bestimmung des Datenschutzrechtes der Bundesrepublik Deutschland. Sofern personenbezogene Daten erhoben werden, k\u00f6nnen Sie dieser Datenschutzerkl\u00e4rung die Art, den Umfang und den Zweck der Erhebung und Verwendung personenbezogener Daten entnehmen.<\/p>\n<p>Bitte beachten Sie, dass trotz gr\u00f6\u00dfter Sorgfalt die Daten\u00fcbertragung im Internet stets mit Risiken, die auf Sicherheitsl\u00fccken basieren, verbunden ist. Der uneingeschr\u00e4nkte Schutz von Daten ist daher unm\u00f6glich.<\/p>\n<p><b>Daten\u00fcbermittlung<\/b><\/p>\n<p>Bei einem Zugriff Ihrerseits auf unsere Webseiten erfolgt eine automatische Daten\u00fcbermittlung von Ihrem Browser an unseren Webserver. Gegenstand dieser \u00dcbermittlung sind anonymisierte Zugriffsdaten ohne Personenbezug, wie etwa Datum und Uhrzeit, Browsertyp, Menge und Art der abgerufenen Daten sowie Ihre IP-Adresse. Die Speicherung dieser Daten geschieht getrennt von etwaigen anderen, im Rahmen der Nutzung unserer Webseiten durch Sie, erhobenen Daten. Diese Daten k\u00f6nnen nicht dazu verwendet werden eine konkrete Person zu bestimmen. Die Erhebung dieser Daten findet lediglich zur Protokollierung des Benutzerverhaltens und zu statistischen Zwecken statt. Nach einer entsprechenden Auswertung wird eine L\u00f6schung der Daten veranlasst.<\/p>\n<p><b>Cookies<\/b><\/p>\n<p>Diese Webseite nutzt sogenannte Cookies zur Qualit\u00e4tssicherung. Cookies sind kleine Textdateien, die Ihr Internet-Browser auf Ihrem Rechner ablegt und speichert. Sie dienen dazu, unseren Internetauftritt und unsere Angebote zu optimieren. Teilweise geben diese Cookies jedoch Informationen ab, um Sie automatisch wieder zu erkennen. Diese Wiedererkennung erfolgt aufgrund der in den Cookies gespeicherten IP-Adresse. Die so erlangten Informationen dienen dazu, unsere Angebote zu optimieren und Ihnen einen leichteren Zugang auf unsere Seite zu erm\u00f6glichen.<br \/>\nSie k\u00f6nnen die Installation der Cookies durch eine entsprechende Einstellung Ihres Browsers verhindern. Wir weisen Sie jedoch darauf hin, dass Sie in diesem Fall gegebenenfalls nicht s\u00e4mtliche Funktionen unserer Website vollumf\u00e4nglich nutzen k\u00f6nnen. Ein Cookie ist kein Programm, Cookie ist ein Text und kann nicht als Virus verwendet werden.<\/p>\n<p><b>Nutzungsdaten<\/b><\/p>\n<p>Soweit erforderlich, erheben und verwenden wir sog. Nutzungsdaten von Ihnen. Dabei handelt es sich um personenbezogene Daten, die die Inanspruchnahme unseres Internetangebots sowie die Abrechnung erm\u00f6glichen. Dabei werden Daten erfasst, die sowohl die zeitlichen Kriterien der Nutzung unseres Angebots durch Sie enthalten, als auch den Umfang der Nutzung und Ihre Identifikationsmerkmale.<\/p>\n<p>Wir weisen Sie darauf hin, dass es uns zu Werbezwecken, zu Zwecken der Marktforschung sowie zur Gestaltung unseres Internetangebots gestattet ist, Nutzungsprofile d.h. zusammengestellte Daten \u00fcber den Verlauf von Besuchen auf unseren Seiten zu generieren. Diese Nutzungsprofile geben keinen Aufschluss \u00fcber Ihre Person und werden auch nicht mit etwaigen anderen, von uns erhobenen Daten, zusammengef\u00fchrt, sodass auch eine Personenidentifikation durch das Zusammenf\u00fchren verschiedener Daten nicht erfolgen kann. Sie haben jederzeit das Recht, einer solchen Verwendung Ihrer Daten zu widersprechen.<\/p>\n<\/div>\n<div id=\"facebook_plugin\" dir=\"LTR\">\n<p>&nbsp;<\/p>\n<p><strong>Datenschutzerkl\u00e4rung f\u00fcr die Nutzung von Facebook-Plugins (Like-Button)<\/strong><\/p>\n<p>Auf unseren Seiten sind Plugins des sozialen Netzwerks Facebook, 1601 South California Avenue, Palo Alto, CA 94304, USA integriert. Diese erkennen Sie an dem Facebook-Logo oder dem \u201cLike-Button\u201d (\u201cGef\u00e4llt mir\u201d) auf unserer Seite. Eine \u00dcbersicht \u00fcber m\u00f6gliche Facebook-Plugins finden Sie unter folgendem Link: <a href=\"http:\/\/developers.facebook.com\/docs\/plugins\/\" target=\"_blank\" rel=\"noopener noreferrer\">http:\/\/developers.facebook.com\/docs\/plugins\/ (link is external)<\/a>. Aufgrund dieser Facebook-Plugins (Like-Button) wird eine direkte Verbindung zwischen Ihrem Browser und dem Facebook-Server hergestellt, falls Sie unsere Seiten besuchen. Durch Ihren Besuch erh\u00e4lt Facebook Informationen, dass Sie mit Ihrer IP-Adresse unsere Seiten besucht haben. Klicken Sie nun auf den Facebook \u201eLike-Button\u201c (Gef\u00e4llt mir) auf unserer Seiten w\u00e4hrend Sie zeitgleich in Ihrem Facebook-Account angemeldet sind, werden die Inhalte unserer Seiten auf Ihrem Facebook-Profil verlinkt. Folglich kann Facebook Ihren Besuch auf unserer Seite zu Ihrem Benutzerkonto zuordnen. Wir, als Diensteanbieter, weisen darauf hin, dass wir als Webseiten-Anbieter keine Kenntnis vom Inhalt der \u00fcbermittelten Daten sowie deren Nutzung durch Facebook erhalten. Daher verweisen wir zur Erlangung weiterer Informationen bez\u00fcglich der Datenschutzerkl\u00e4rung von Facebook auf folgenden Link: <a href=\"http:\/\/de-de.facebook.com\/policy.php\" target=\"_blank\" rel=\"noopener noreferrer\">http:\/\/de-de.facebook.com\/policy.php (link is external)<\/a> . Ist es von Ihnen nicht gew\u00fcnscht, dass Facebook Ihren Aufenthalt auf unserer Webseite auf Ihren Facebook-Nutzerkonto zuordnet, bitten wir Sie, bei Ihrem Aufenthalt auf unserer Webseite, sich aus Ihrem Facebook-Benutzerkonto abzumelden.<\/p>\n<p>&nbsp;<\/p>\n<\/div>\n<div id=\"google_plus\" dir=\"LTR\">\n<p><strong>Datenschutzerkl\u00e4rung f\u00fcr die Nutzung von Google +1<\/strong><\/p>\n<p>Erfassung und Weitergabe von Informationen: Mit Google +1 k\u00f6nnen Informationen weltweit ver\u00f6ffentlich werden. Anhand der Google +1 \u2013 Schaltfl\u00e4che k\u00f6nnen Sie und andere Nutzer\/Nutzerinnen personalisierte Inhalte von Google und unseren Partnern erhalten.<\/p>\n<p>Dabei werden von Google Informationen gespeichert:<\/p>\n<p>1. wenn Sie f\u00fcr einen Inhalt +1 gegeben haben und<\/p>\n<p>2. wenn Sie sich Informationen \u00fcber die Seite beim Klicken auf +1 angesehen haben<\/p>\n<p>Mit Ihrem Profilnamen und Ihrem Foto k\u00f6nnen auch Ihre Google +1 Hinweise in Google-Diensten, in Ihren Suchergebnissen, auf anderen Webseiten im Internet angezeigt werden. Durch Ihre +1 Aktivit\u00e4ten, kann Google Informationen zusammen stellen, um die Google Dienste f\u00fcr Sie zu verbessern. Damit Sie die Google +1 Schaltfl\u00e4che benutzen k\u00f6nnen, m\u00fcssen Sie ein weltweit sichtbares, \u00f6ffentliches Google-Profil haben. Ihr Google-Profil besitzt dabei einen Namen, womit Sie in allen Google-Diensten erscheinen, die wiederum Ihre gesamten Aktivit\u00e4ten in Ihrem Profil darstellen. Dar\u00fcber hinaus k\u00f6nnen Nutzer\/Nutzerinnen, die ebenfalls bei Google angemeldet (ein Profil besitzen) sind und Ihre E-Mail Adresse kennen oder \u00fcber andere identifizierende Informationen von Ihnen besitzen, Ihr Profil sehen. Verwendung der erfassten Informationen: Abgesehen von den oben angef\u00fchrten Verwendungszwecken sind die von Ihnen bereit gestellten Informationen gem. den geltenden Google-Datenschutzbestimmungen zu verwenden. Es kann die M\u00f6glichkeit bestehen, dass Google zusammen gefasste Statistiken \u00fcber die Google +1 Aktivit\u00e4ten der Nutzer\/Nutzerinnen ver\u00f6ffentlichen. Auch kann die M\u00f6glichkeit bestehen, dass Google die Informationen an Nutzer\/Nutzerinnen und Partner\/Partnerinnen weitergeben kann (z.B. Publisher, Inserenten oder verbunden Webseiten).<\/p>\n<p>&nbsp;<\/p>\n<\/div>\n<div id=\"xing\" dir=\"LTR\">\n<p><strong>Datenschutzerkl\u00e4rung f\u00fcr XING<\/strong><\/p>\n<p>Unsere Seite verwendet den \u201eXING Share Button\u201c. Wenn Sie diese Seite aufrufen, wird \u00fcber den Browser des Nutzers kurzfristig eine Verbindung zu Servern der XING AG aufgebaut, mit denen die Funktionen des Buttons, unter anderem die Anzeige des Z\u00e4hlwerts, geleistet werden. XING speichert keine personenbezogenen Daten des Nutzers \u00fcber den Besuch der Seite, insbesondere wird keine IP-Adresse gespeichert. Eine Auswertung des Nutzungsverhaltens \u00fcber Cookies im Zusammenhang mit dem \u201eXING Share Button\u201c findet nicht statt. Die jeweils g\u00fcltigen Datenschutzinformationen zum \u201eXING Share Button\u201c und weitere Informationen finden Sie auf der Internetseite: <a href=\"https:\/\/www.xing.com\/app\/share?op=data_protection\">https:\/\/www.xing.com\/app\/share?op=data_protection<\/a><\/p>\n<\/div>\n<div id=\"google_analytics\" dir=\"LTR\">\n<p>&nbsp;<\/p>\n<p><strong>Datenschutzerkl\u00e4rung f\u00fcr die Nutzung von Google Analytics<\/strong><\/p>\n<p>Unsere Webseite benutzt Google Analytics, einen Webanalysedienst der Google Inc. (\u201cGoogle\u201d). F\u00fcr diesen Webanalysedienst benutzt Google Analytics sogenannte \u201eCookies\u201c, d.h. das Textdateien auf ihrem Computer gespeichert werden, die dann wiederum eine Analyse der Benutzung der Webseite durch Sie erm\u00f6glichen. Die Informationen, die durch den Cookie \u00fcber die Benutzung unserer Webseite erzeugt werden, werden an einen Server von Google in den USA \u00fcbertragen und anschlie\u00dfend dort gespeichert. Kommt es zu einer Aktivierung der IP-Anonymisierung auf unserer Webseite, so wird Ihre IP-Adresse von Google nur innerhalb von den Mitgliedstaaten der EU oder in anderen Vertragsstaaten des Abkommens \u00fcber den Europ\u00e4ischen Wirtschaftsraum vorher gek\u00fcrzt. Dabei kann in wenigen Ausnahmef\u00e4llen die volle IP-Adresse an einen Server von Google in den USA \u00fcbertragen werden und dann dort gek\u00fcrzt werden. Google kann dann aufgrund dieser Informationen, die gespeichert werden, Ihre Nutzung der Webseite auswerten, um sodann eine Zusammenstellung eines Reports \u00fcber die Werbseitenaktivit\u00e4ten bereitzustellen. Aufgrund dieses Reportes kann Google dann auch weitere mit der Webseitennutzung und der Internetnutzung verbundene Dienstleistungen gegen\u00fcber dem Webseiten-Anbieter erbringen. Die \u00fcber Google Analytics von Ihrem Browser \u00fcbermittelte IP-Adresse wird nicht mit anderen Daten von Google zusammen gef\u00fchrt. Liegt diese Auswertung anhand Ihres Aufenthaltes (durch Ihre IP-Adresse) auf unserer Seite nicht in Ihrem Interesse, so k\u00f6nnen sie die Speicherung oder Installation der Cookies durch eine entsprechende Einstellung Ihrer Browser-Software verhindern. Gleichzeitig m\u00f6chten wir Sie in Kenntnis dar\u00fcber setzen, dass Sie in diesem Fall s\u00e4mtliche Funktionen unserer Webseite nicht vollumf\u00e4nglich nutzen k\u00f6nnen.<\/p>\n<p>Durch die Nutzung dieser Webseite erkl\u00e4ren Sie sich mit der Bearbeitung der \u00fcber Sie erhobenen Daten durch Google in der zuvor beschriebenen Art und Weise und zu dem zuvor benannten Zweck einverstanden. Ferner k\u00f6nnen sie die Erfassung der durch den Cookie erzeugten und auf Ihre Nutzung der Webseite bezogenen Daten (inkl. Ihrer IP-Adresse) an Google sowie die Verarbeitung dieser Daten durch Google verhindern, indem sie das unter dem folgenden Link verf\u00fcgbare Browser-Plugin herunterladen und installieren: <a href=\"http:\/\/tools.google.com\/dlpage\/gaoptout?hl=de\" target=\"_blank\" rel=\"noopener noreferrer\">http:\/\/tools.google.com\/dlpage\/gaoptout?hl=de (link is external)<\/a><\/p>\n<p>&nbsp;<\/p>\n<\/div>\n<p><b>Auskunftsrecht<\/b><\/p>\n<p>Wir weisen Sie darauf hin, dass Sie das Recht haben, eine Auskunft von uns \u00fcber die von Ihnen gespeicherten Daten zu verlangen und im Fall der Unrichtigkeit der Daten eine Sperrung, L\u00f6schung oder Berichtigung zu veranlassen. Die Auskunftserteilung ist sowohl telefonisch als auch elektronisch m\u00f6glich.<\/p>\n<p><b>\u00c4nderungen der Datenschutzerkl\u00e4rung<\/b><\/p>\n<p>Sollten zuk\u00fcnftig \u00c4nderungen unserer Datenschutzerkl\u00e4rung vorgenommen werden, so werden die \u00c4nderungen stets auf diesen Seiten zu finden sein.<\/p>\n<p><strong>Sicherheitshinweis:<br \/>\n<\/strong><br \/>\nWir sind bem\u00fcht Ihre Daten durch Ergreifung aller technischen und organisatorischen M\u00f6glichkeiten so zu speichern, dass sie f\u00fcr Dritte nicht zug\u00e4nglich sind. Bei der Kommunikation per E-Mail kann die vollst\u00e4ndige Datensicherheit von uns nicht gew\u00e4hrleistet werden, so dass wir Ihnen bei vertraulichen Informationen den Postweg empfehlen.<\/p>\n<p><b>Abmahnung<\/b><\/p>\n<p>Keine Abmahnung ohne vorherigen Kontakt nach \u00a7 8 Abs. 4 UWG.<\/p>\n<p>Wenn der Inhalt oder die Gestaltung einzelner Seiten oder Artikel dieser Internetseite fremde Rechte Dritter oder gesetzliche Bestimmungen verletzen oder in irgendeiner Form wettbewerbsrechtliche Probleme hervorbringen, so wird um eine angemessene, ausreichend erl\u00e4uternde und schnelle Nachricht ohne Kostennote gebeten. Es wird garantiert, dass die zu Recht beanstandeten Passagen oder Teile des Angebots unverz\u00fcglich entfernt bzw. den rechtlichen Vorgaben umfassend angepasst werden, ohne dass von Ihrer Seite die Einschaltung eines Rechtsbeistandes erforderlich sein wird. Die zeitaufw\u00e4ndigere Einschaltung eines Anwaltes zur f\u00fcr den Webseiteninhaber kostenpflichtigen Abmahnung entspricht nicht dessen wirklichen oder mutma\u00dflichen Willen.<\/p>\n","protected":false},"excerpt":{"rendered":"<p>Haftung f\u00fcr Inhalte Die Erstellung der Inhalte dieser Webseite erfolgte mit gr\u00f6\u00dftm\u00f6glicher Sorgfalt. Allerdings k\u00f6nnen wir keine Gew\u00e4hr f\u00fcr die Vollst\u00e4ndigkeit der bereitgestellten Inhalte, ihre Aktualit\u00e4t sowie Richtigkeit \u00fcbernehmen. Gem. \u00a7\u00a7 8 \u2013 10 TMG trifft uns als Dienstanbieter keine Pflicht, fremde Informationen, die \u00fcbermittelt oder gespeichert wurden, zu \u00fcberwachen oder nach Anhaltspunkten und Umst\u00e4nden <a href=\"https:\/\/lernstatt-ev.de\/deutschkurs\/datenschutz\/\" rel=\"nofollow\"><span class=\"sr-only\">Read more about Datenschutz<\/span>[&hellip;]<\/a><\/p>\n","protected":false},"author":2,"featured_media":0,"parent":0,"menu_order":0,"comment_status":"closed","ping_status":"closed","template":"template-fullwidth.php","meta":{"footnotes":""},"class_list":["post-391","page","type-page","status-publish","hentry"],"_links":{"self":[{"href":"https:\/\/lernstatt-ev.de\/deutschkurs\/wp-json\/wp\/v2\/pages\/391","targetHints":{"allow":["GET"]}}],"collection":[{"href":"https:\/\/lernstatt-ev.de\/deutschkurs\/wp-json\/wp\/v2\/pages"}],"about":[{"href":"https:\/\/lernstatt-ev.de\/deutschkurs\/wp-json\/wp\/v2\/types\/page"}],"author":[{"embeddable":true,"href":"https:\/\/lernstatt-ev.de\/deutschkurs\/wp-json\/wp\/v2\/users\/2"}],"replies":[{"embeddable":true,"href":"https:\/\/lernstatt-ev.de\/deutschkurs\/wp-json\/wp\/v2\/comments?post=391"}],"version-history":[{"count":1,"href":"https:\/\/lernstatt-ev.de\/deutschkurs\/wp-json\/wp\/v2\/pages\/391\/revisions"}],"predecessor-version":[{"id":392,"href":"https:\/\/lernstatt-ev.de\/deutschkurs\/wp-json\/wp\/v2\/pages\/391\/revisions\/392"}],"wp:attachment":[{"href":"https:\/\/lernstatt-ev.de\/deutschkurs\/wp-json\/wp\/v2\/media?parent=391"}],"curies":[{"name":"wp","href":"https:\/\/api.w.org\/{rel}","templated":true}]}}