{"id":407,"date":"2017-11-28T13:22:16","date_gmt":"2017-11-28T12:22:16","guid":{"rendered":"http:\/\/lernstatt-ev.de\/deutschkurs\/?page_id=407"},"modified":"2023-08-10T16:58:53","modified_gmt":"2023-08-10T14:58:53","slug":"pruefungen","status":"publish","type":"page","link":"https:\/\/lernstatt-ev.de\/deutschkurs\/pruefungen\/","title":{"rendered":"Pr\u00fcfungen"},"content":{"rendered":"<p>allgemeine Sprachpr\u00fcfungen: telc A1, A2, B1, B2, C1, C2<\/p>\n<p>Pr\u00fcfungen nach Beenden des Berufssprachkurses: dtb A2, B1, B2, C1<\/p>\n<p>Pr\u00fcfungen nach Beenden des Integrationskurses: g.a.s.t.- dtz<\/p>\n","protected":false},"excerpt":{"rendered":"<p>allgemeine Sprachpr\u00fcfungen: telc A1, A2, B1, B2, C1, C2 Pr\u00fcfungen nach Beenden des Berufssprachkurses: dtb A2, B1, B2, C1 Pr\u00fcfungen nach Beenden des Integrationskurses: g.a.s.t.- dtz<\/p>\n","protected":false},"author":2,"featured_media":0,"parent":0,"menu_order":0,"comment_status":"closed","ping_status":"closed","template":"template-fullwidth.php","meta":{"footnotes":""},"class_list":["post-407","page","type-page","status-publish","hentry"],"_links":{"self":[{"href":"https:\/\/lernstatt-ev.de\/deutschkurs\/wp-json\/wp\/v2\/pages\/407","targetHints":{"allow":["GET"]}}],"collection":[{"href":"https:\/\/lernstatt-ev.de\/deutschkurs\/wp-json\/wp\/v2\/pages"}],"about":[{"href":"https:\/\/lernstatt-ev.de\/deutschkurs\/wp-json\/wp\/v2\/types\/page"}],"author":[{"embeddable":true,"href":"https:\/\/lernstatt-ev.de\/deutschkurs\/wp-json\/wp\/v2\/users\/2"}],"replies":[{"embeddable":true,"href":"https:\/\/lernstatt-ev.de\/deutschkurs\/wp-json\/wp\/v2\/comments?post=407"}],"version-history":[{"count":2,"href":"https:\/\/lernstatt-ev.de\/deutschkurs\/wp-json\/wp\/v2\/pages\/407\/revisions"}],"predecessor-version":[{"id":557,"href":"https:\/\/lernstatt-ev.de\/deutschkurs\/wp-json\/wp\/v2\/pages\/407\/revisions\/557"}],"wp:attachment":[{"href":"https:\/\/lernstatt-ev.de\/deutschkurs\/wp-json\/wp\/v2\/media?parent=407"}],"curies":[{"name":"wp","href":"https:\/\/api.w.org\/{rel}","templated":true}]}}