{"id":409,"date":"2017-11-28T13:22:33","date_gmt":"2017-11-28T12:22:33","guid":{"rendered":"http:\/\/lernstatt-ev.de\/deutschkurs\/?page_id=409"},"modified":"2023-08-10T16:41:02","modified_gmt":"2023-08-10T14:41:02","slug":"jobs-praktika","status":"publish","type":"page","link":"https:\/\/lernstatt-ev.de\/deutschkurs\/jobs-praktika\/","title":{"rendered":"Jobs \/ Praktika"},"content":{"rendered":"<p>Unsere Lehrkr\u00e4fte-Team freut sich \u00fcber freundliche Unterst\u00fctzungen und auf Ihre Beberbungen:<\/p>\n<p>Lehrkr\u00e4fte \u00a0f\u00fcr \u00a0Alphakursen<\/p>\n<p>Lehrkr\u00e4fte f\u00fcr Integrationskurse<\/p>\n<p>Lehrkr\u00e4fte f\u00fcr Berufssprachskurse<\/p>\n<p>Praktikumspl\u00e4tze:<br \/>\n&#8211; im Verwaltungsbereich\/B\u00fcro<br \/>\n&#8211; Hausaufgabenbetreuung<br \/>\n&#8211; niederschwefligen Frauenkursen<\/p>\n<p>Wir suchen Studenten f\u00fcr unsere Hausaufgabenbetreuung im Bereich Naturwissenschaften.<\/p>\n","protected":false},"excerpt":{"rendered":"<p>Unsere Lehrkr\u00e4fte-Team freut sich \u00fcber freundliche Unterst\u00fctzungen und auf Ihre Beberbungen: Lehrkr\u00e4fte \u00a0f\u00fcr \u00a0Alphakursen Lehrkr\u00e4fte f\u00fcr Integrationskurse Lehrkr\u00e4fte f\u00fcr Berufssprachskurse Praktikumspl\u00e4tze: &#8211; im Verwaltungsbereich\/B\u00fcro &#8211; Hausaufgabenbetreuung &#8211; niederschwefligen Frauenkursen Wir suchen Studenten f\u00fcr unsere Hausaufgabenbetreuung im Bereich Naturwissenschaften.<\/p>\n","protected":false},"author":2,"featured_media":0,"parent":0,"menu_order":0,"comment_status":"closed","ping_status":"closed","template":"template-fullwidth.php","meta":{"footnotes":""},"class_list":["post-409","page","type-page","status-publish","hentry"],"_links":{"self":[{"href":"https:\/\/lernstatt-ev.de\/deutschkurs\/wp-json\/wp\/v2\/pages\/409","targetHints":{"allow":["GET"]}}],"collection":[{"href":"https:\/\/lernstatt-ev.de\/deutschkurs\/wp-json\/wp\/v2\/pages"}],"about":[{"href":"https:\/\/lernstatt-ev.de\/deutschkurs\/wp-json\/wp\/v2\/types\/page"}],"author":[{"embeddable":true,"href":"https:\/\/lernstatt-ev.de\/deutschkurs\/wp-json\/wp\/v2\/users\/2"}],"replies":[{"embeddable":true,"href":"https:\/\/lernstatt-ev.de\/deutschkurs\/wp-json\/wp\/v2\/comments?post=409"}],"version-history":[{"count":5,"href":"https:\/\/lernstatt-ev.de\/deutschkurs\/wp-json\/wp\/v2\/pages\/409\/revisions"}],"predecessor-version":[{"id":551,"href":"https:\/\/lernstatt-ev.de\/deutschkurs\/wp-json\/wp\/v2\/pages\/409\/revisions\/551"}],"wp:attachment":[{"href":"https:\/\/lernstatt-ev.de\/deutschkurs\/wp-json\/wp\/v2\/media?parent=409"}],"curies":[{"name":"wp","href":"https:\/\/api.w.org\/{rel}","templated":true}]}}