{"id":411,"date":"2017-11-28T13:22:51","date_gmt":"2017-11-28T12:22:51","guid":{"rendered":"http:\/\/lernstatt-ev.de\/deutschkurs\/?page_id=411"},"modified":"2023-08-10T16:41:48","modified_gmt":"2023-08-10T14:41:48","slug":"pressemeldungen","status":"publish","type":"page","link":"https:\/\/lernstatt-ev.de\/deutschkurs\/pressemeldungen\/","title":{"rendered":"News"},"content":{"rendered":"<p><strong>BAMF-Vizepr\u00e4sidentin besucht Lernstatt<\/strong><\/p>\n<p>Hohen Besuch hatte Lernstatt am 20. M\u00e4rz 2018. Dr. Uta Dauke, Vizepr\u00e4sidentin des Bundesamtes f\u00fcr Migration und Fl\u00fcchtlinge BAMF), besuchte unsere Bildungseinrichtung, um sich vor Ort \u00fcber das besondere Lernstatt-Angebot der niederschwelligen Frauenkurse zu informieren. Diese f\u00fcr die Teilnehmerinnen kostenfreien Kurse werden vom Verein f\u00fcr internationale Jugendarbeit (ViJ) in Stuttgart und vom Bundesministerium f\u00fcr Inneres gef\u00f6rdert. Jede Frau mit Migrationshintergrund (aus den L\u00e4ndern au\u00dferhalb Westeuropas, Nordamerikas und Australiens) kann teilnehmen. Die Kursthemen sind alltagsbezogen und k\u00f6nnen auch von den Frauen selbst vorgeschlagen werden.<br \/>\nDr. Dauke wurde von den Teilnehmerinnen herzlich aufgenommen und zeigte sich von deren Reaktionen begeistert. Denn, so die Frauen, die niederschwefligen Frauenkurse helfen ihnen tagt\u00e4glich dabei, sich in Deutschland besser zurecht zu finden.<br \/>\nBesonders sind \u00fcbrigens auch die Dozentinnen dieser Kurse, die allesamt weiblich sind. Eine von ihnen hat in einem Integrationskurs der Lernstatt selbst Deutsch gelernt und gibt jetzt ihr Wissen an Migrantinnen weiter. Auch hier ging das Konzept der Integration durch Sprache auf!<br \/>\n<img loading=\"lazy\" decoding=\"async\" class=\"alignnone size-medium wp-image-455\" src=\"http:\/\/lernstatt-ev.de\/deutschkurs\/wp-content\/uploads\/2017\/11\/2d888044-5064-4394-afc5-3585d9f0bf26-225x300.jpg\" alt=\"\" width=\"225\" height=\"300\" srcset=\"https:\/\/lernstatt-ev.de\/deutschkurs\/wp-content\/uploads\/2017\/11\/2d888044-5064-4394-afc5-3585d9f0bf26-225x300.jpg 225w, https:\/\/lernstatt-ev.de\/deutschkurs\/wp-content\/uploads\/2017\/11\/2d888044-5064-4394-afc5-3585d9f0bf26-768x1024.jpg 768w, https:\/\/lernstatt-ev.de\/deutschkurs\/wp-content\/uploads\/2017\/11\/2d888044-5064-4394-afc5-3585d9f0bf26.jpg 960w\" sizes=\"auto, (max-width: 225px) 100vw, 225px\" \/><\/p>\n<p><strong>Lernstatt in Deutsche Welle TV und auf BAMF-Facebook Seite<\/strong><br \/>\nAm 30. Januar 2018 waren Kamerateams von Deutsche Welle TV und der BAMF-Pressestelle in der Lernstatt, um Filme \u00fcber das Angebot f\u00fcr Migrantinnen zu drehen. Die Ergebnisse finden Sie<br \/>\nhttps:\/\/www.facebook.com\/plugins\/video.php?href=https%3A%2F%2Fwww.facebook.com%2Fbamf.socialmedia%2Fvideos%2F1469887653124124%2F&#038;show_text=1&#038;width=560<\/p>\n<p>und<\/p>\n<p>http:\/\/m.dw.com\/de\/unsichtbare-frauen-in-deutschland\/av-42323994<\/p>\n<p>Viel Spass beim Zuschauen!<\/p>\n","protected":false},"excerpt":{"rendered":"<p>BAMF-Vizepr\u00e4sidentin besucht Lernstatt Hohen Besuch hatte Lernstatt am 20. M\u00e4rz 2018. Dr. Uta Dauke, Vizepr\u00e4sidentin des Bundesamtes f\u00fcr Migration und Fl\u00fcchtlinge BAMF), besuchte unsere Bildungseinrichtung, um sich vor Ort \u00fcber das besondere Lernstatt-Angebot der niederschwelligen Frauenkurse zu informieren. Diese f\u00fcr die Teilnehmerinnen kostenfreien Kurse werden vom Verein f\u00fcr internationale Jugendarbeit (ViJ) in Stuttgart und vom <a href=\"https:\/\/lernstatt-ev.de\/deutschkurs\/pressemeldungen\/\" rel=\"nofollow\"><span class=\"sr-only\">Read more about News<\/span>[&hellip;]<\/a><\/p>\n","protected":false},"author":2,"featured_media":0,"parent":0,"menu_order":0,"comment_status":"closed","ping_status":"closed","template":"template-fullwidth.php","meta":{"footnotes":""},"class_list":["post-411","page","type-page","status-publish","hentry"],"_links":{"self":[{"href":"https:\/\/lernstatt-ev.de\/deutschkurs\/wp-json\/wp\/v2\/pages\/411","targetHints":{"allow":["GET"]}}],"collection":[{"href":"https:\/\/lernstatt-ev.de\/deutschkurs\/wp-json\/wp\/v2\/pages"}],"about":[{"href":"https:\/\/lernstatt-ev.de\/deutschkurs\/wp-json\/wp\/v2\/types\/page"}],"author":[{"embeddable":true,"href":"https:\/\/lernstatt-ev.de\/deutschkurs\/wp-json\/wp\/v2\/users\/2"}],"replies":[{"embeddable":true,"href":"https:\/\/lernstatt-ev.de\/deutschkurs\/wp-json\/wp\/v2\/comments?post=411"}],"version-history":[{"count":13,"href":"https:\/\/lernstatt-ev.de\/deutschkurs\/wp-json\/wp\/v2\/pages\/411\/revisions"}],"predecessor-version":[{"id":552,"href":"https:\/\/lernstatt-ev.de\/deutschkurs\/wp-json\/wp\/v2\/pages\/411\/revisions\/552"}],"wp:attachment":[{"href":"https:\/\/lernstatt-ev.de\/deutschkurs\/wp-json\/wp\/v2\/media?parent=411"}],"curies":[{"name":"wp","href":"https:\/\/api.w.org\/{rel}","templated":true}]}}