{"id":86,"date":"2017-06-28T20:18:16","date_gmt":"2017-06-28T18:18:16","guid":{"rendered":"http:\/\/lernstatt-ev.de\/deutschkurs\/?page_id=86"},"modified":"2017-07-21T11:40:35","modified_gmt":"2017-07-21T09:40:35","slug":"allgemeine-integrationskurse","status":"publish","type":"page","link":"https:\/\/lernstatt-ev.de\/deutschkurs\/allgemeine-integrationskurse\/","title":{"rendered":"Allgemeine Integrationskurse"},"content":{"rendered":"<p><img loading=\"lazy\" decoding=\"async\" class=\"alignright wp-image-323\" src=\"http:\/\/lernstatt-ev.de\/deutschkurs\/wp-content\/uploads\/2017\/06\/Allgemeine-Integrationskurse-300x199.jpg\" alt=\"Allgemeine Integrationskurse\" width=\"450\" height=\"298\" srcset=\"https:\/\/lernstatt-ev.de\/deutschkurs\/wp-content\/uploads\/2017\/06\/Allgemeine-Integrationskurse-300x199.jpg 300w, https:\/\/lernstatt-ev.de\/deutschkurs\/wp-content\/uploads\/2017\/06\/Allgemeine-Integrationskurse.jpg 755w\" sizes=\"auto, (max-width: 450px) 100vw, 450px\" \/>Leben in Deutschland ist um vieles leichter wenn man Deutsch spricht. Denn Sprache ist die wichtigste Voraussetzung f\u00fcr Integration. Sie hilft nicht nur dabei, neue Menschen kennen zu lernen, sondern\u00a0 ist\u00a0 auch wichtig, um eine Arbeit zu finden, die Kinder in der Schule zu unterst\u00fctzen oder wichtige Beh\u00f6rdeng\u00e4nge zu erledigen.<\/p>\n<p>Bei allgemeinen Integrationskursen dauert der Sprachkurs 600 Stunden (Unterrichtseinheiten \u00e0 45 Minuten). Hier lernen die Teilnehmer das Deutsch, das sie in ihrem t\u00e4glichen Leben ben\u00f6tigen. Egal ob bei der Arbeit, beim Einkauf, in der Freizeit, der Wohnungssuche oder beim Arzt. Im Unterricht wird zudem auch vermittelt, wie man sich um eine Stelle bewirbt, telefoniert, Emails schreibt oder Formulare ausf\u00fcllt.<\/p>\n<p>Im Anschluss an den Sprachkurs findet ein Orientierungskurs statt, der 100 Unterrichtseinheiten umfasst. Hier lernen die Teilnehmer wichtige\u00a0 Fakten \u00fcber die deutsche Gesellschaft, die Rechtsordnung, Rechte und Pflichten sowie die Werte, die in Deutschland wichtig sind.<\/p>\n<p>Der Sprachkurs endet mit der offiziellen Pr\u00fcfung\u00a0 &#8222;Deutsch-Test f\u00fcr Zuwanderer&#8220; (DTZ,\u00a0 B1). Der Orientierungskurs schlie\u00dft mit dem Abschlusstest \u201eLeben in Deutschland\u201c \u00a0(Einb\u00fcrgerungstest) ab.<\/p>\n<p>Mehr \u00fcber Integrationskurse erfahren Sie auf der offiziellen Interseite des <a href=\"http:\/\/www.bamf.de\/DE\/Willkommen\/DeutschLernen\/Integrationskurse\/integrationskurse-node.html\">Bundesamtes f\u00fcr Migration und Fl\u00fcchtlinge<\/a>.<\/p>\n","protected":false},"excerpt":{"rendered":"<p>Leben in Deutschland ist um vieles leichter wenn man Deutsch spricht. Denn Sprache ist die wichtigste Voraussetzung f\u00fcr Integration. Sie hilft nicht nur dabei, neue Menschen kennen zu lernen, sondern\u00a0 ist\u00a0 auch wichtig, um eine Arbeit zu finden, die Kinder in der Schule zu unterst\u00fctzen oder wichtige Beh\u00f6rdeng\u00e4nge zu erledigen. Bei allgemeinen Integrationskursen dauert der <a href=\"https:\/\/lernstatt-ev.de\/deutschkurs\/allgemeine-integrationskurse\/\" rel=\"nofollow\"><span class=\"sr-only\">Read more about Allgemeine Integrationskurse<\/span>[&hellip;]<\/a><\/p>\n","protected":false},"author":2,"featured_media":0,"parent":0,"menu_order":0,"comment_status":"closed","ping_status":"closed","template":"template-fullwidth.php","meta":{"footnotes":""},"class_list":["post-86","page","type-page","status-publish","hentry"],"_links":{"self":[{"href":"https:\/\/lernstatt-ev.de\/deutschkurs\/wp-json\/wp\/v2\/pages\/86","targetHints":{"allow":["GET"]}}],"collection":[{"href":"https:\/\/lernstatt-ev.de\/deutschkurs\/wp-json\/wp\/v2\/pages"}],"about":[{"href":"https:\/\/lernstatt-ev.de\/deutschkurs\/wp-json\/wp\/v2\/types\/page"}],"author":[{"embeddable":true,"href":"https:\/\/lernstatt-ev.de\/deutschkurs\/wp-json\/wp\/v2\/users\/2"}],"replies":[{"embeddable":true,"href":"https:\/\/lernstatt-ev.de\/deutschkurs\/wp-json\/wp\/v2\/comments?post=86"}],"version-history":[{"count":6,"href":"https:\/\/lernstatt-ev.de\/deutschkurs\/wp-json\/wp\/v2\/pages\/86\/revisions"}],"predecessor-version":[{"id":327,"href":"https:\/\/lernstatt-ev.de\/deutschkurs\/wp-json\/wp\/v2\/pages\/86\/revisions\/327"}],"wp:attachment":[{"href":"https:\/\/lernstatt-ev.de\/deutschkurs\/wp-json\/wp\/v2\/media?parent=86"}],"curies":[{"name":"wp","href":"https:\/\/api.w.org\/{rel}","templated":true}]}}