{"id":89,"date":"2017-06-28T20:19:17","date_gmt":"2017-06-28T18:19:17","guid":{"rendered":"http:\/\/lernstatt-ev.de\/deutschkurs\/?page_id=89"},"modified":"2025-06-16T18:49:55","modified_gmt":"2025-06-16T16:49:55","slug":"frauen","status":"publish","type":"page","link":"https:\/\/lernstatt-ev.de\/deutschkurs\/frauen\/","title":{"rendered":"Frauenintegrationskurse"},"content":{"rendered":"<p><img loading=\"lazy\" decoding=\"async\" class=\"alignright wp-image-325\" src=\"http:\/\/lernstatt-ev.de\/deutschkurs\/wp-content\/uploads\/2017\/06\/Frauenintegrationskurse-300x199.jpg\" alt=\"Frauenintegrationskurse\" width=\"450\" height=\"298\" srcset=\"https:\/\/lernstatt-ev.de\/deutschkurs\/wp-content\/uploads\/2017\/06\/Frauenintegrationskurse-300x199.jpg 300w, https:\/\/lernstatt-ev.de\/deutschkurs\/wp-content\/uploads\/2017\/06\/Frauenintegrationskurse.jpg 755w\" sizes=\"auto, (max-width: 450px) 100vw, 450px\" \/>Frauenkurse sind speziell f\u00fcr Frauen. Sie werden von weiblichen Dozentinnen geleitet, die \u00fcber viel Erfahrung gerade mit der Integration von Frauen in die deutsche Gesellschaft verf\u00fcgen. Mit bis zu 1000 Unterrichtseinheiten macht der Frauen-Integrationskurs die Teilnehmerinnen fit f\u00fcr das Leben in Deutschland.<\/p>\n<p>Die Sch\u00fclerinnen lernen gemeinsam mit anderen Frauen. Im Kurs k\u00f6nnen sie \u00fcber alle Themen sprechen, die sie besonders interessieren. Hierzu geh\u00f6ren neben der Erziehung und Ausbildung ihrer Kinder auch spezielle Beratungsangebote am jeweiligen Wohnort. Nicht zuletzt k\u00f6nnen die Teilnehmerinnen \u00a0erfahren, welche Unterschiede und Gemeinsamkeiten es zwischen dem Leben von Frauen in Deutschland und in Ihren Heimatl\u00e4ndern gibt.<\/p>\n<p>Auch die Frauen-Integrationskurse sind in einen Sprachkurs mit 900 Unterrichtseinheiten und einen Orientierungskurs mit 100 Unterrichtseinheiten gegliedert.<\/p>\n<p>In den Vormittags- und Mittagskursen werden die Kinder der Teilnehmerinnen in der Schule kostenlos betreut.<\/p>\n<p>Die bereits begonnen Kurse d\u00fcrfen zu Ende gef\u00fchrt werden. Leider werden keine Frauenintegrationskurse in diesem Format mehr vom BAMF \u00a0gef\u00f6rdert.<\/p>\n","protected":false},"excerpt":{"rendered":"<p>Frauenkurse sind speziell f\u00fcr Frauen. Sie werden von weiblichen Dozentinnen geleitet, die \u00fcber viel Erfahrung gerade mit der Integration von Frauen in die deutsche Gesellschaft verf\u00fcgen. Mit bis zu 1000 Unterrichtseinheiten macht der Frauen-Integrationskurs die Teilnehmerinnen fit f\u00fcr das Leben in Deutschland. Die Sch\u00fclerinnen lernen gemeinsam mit anderen Frauen. Im Kurs k\u00f6nnen sie \u00fcber alle <a href=\"https:\/\/lernstatt-ev.de\/deutschkurs\/frauen\/\" rel=\"nofollow\"><span class=\"sr-only\">Read more about Frauenintegrationskurse<\/span>[&hellip;]<\/a><\/p>\n","protected":false},"author":2,"featured_media":0,"parent":0,"menu_order":0,"comment_status":"closed","ping_status":"closed","template":"template-fullwidth.php","meta":{"footnotes":""},"class_list":["post-89","page","type-page","status-publish","hentry"],"_links":{"self":[{"href":"https:\/\/lernstatt-ev.de\/deutschkurs\/wp-json\/wp\/v2\/pages\/89","targetHints":{"allow":["GET"]}}],"collection":[{"href":"https:\/\/lernstatt-ev.de\/deutschkurs\/wp-json\/wp\/v2\/pages"}],"about":[{"href":"https:\/\/lernstatt-ev.de\/deutschkurs\/wp-json\/wp\/v2\/types\/page"}],"author":[{"embeddable":true,"href":"https:\/\/lernstatt-ev.de\/deutschkurs\/wp-json\/wp\/v2\/users\/2"}],"replies":[{"embeddable":true,"href":"https:\/\/lernstatt-ev.de\/deutschkurs\/wp-json\/wp\/v2\/comments?post=89"}],"version-history":[{"count":5,"href":"https:\/\/lernstatt-ev.de\/deutschkurs\/wp-json\/wp\/v2\/pages\/89\/revisions"}],"predecessor-version":[{"id":628,"href":"https:\/\/lernstatt-ev.de\/deutschkurs\/wp-json\/wp\/v2\/pages\/89\/revisions\/628"}],"wp:attachment":[{"href":"https:\/\/lernstatt-ev.de\/deutschkurs\/wp-json\/wp\/v2\/media?parent=89"}],"curies":[{"name":"wp","href":"https:\/\/api.w.org\/{rel}","templated":true}]}}