{"id":93,"date":"2017-06-28T20:19:45","date_gmt":"2017-06-28T18:19:45","guid":{"rendered":"http:\/\/lernstatt-ev.de\/deutschkurs\/?page_id=93"},"modified":"2017-07-21T11:43:38","modified_gmt":"2017-07-21T09:43:38","slug":"alpha","status":"publish","type":"page","link":"https:\/\/lernstatt-ev.de\/deutschkurs\/alpha\/","title":{"rendered":"Alphabetisierungskurse"},"content":{"rendered":"<p><img loading=\"lazy\" decoding=\"async\" class=\"alignright wp-image-330\" src=\"http:\/\/lernstatt-ev.de\/deutschkurs\/wp-content\/uploads\/2017\/06\/Alphabetisierungskurse-300x199.jpg\" alt=\"Alphabetisierungskurse\" width=\"450\" height=\"298\" srcset=\"https:\/\/lernstatt-ev.de\/deutschkurs\/wp-content\/uploads\/2017\/06\/Alphabetisierungskurse-300x199.jpg 300w, https:\/\/lernstatt-ev.de\/deutschkurs\/wp-content\/uploads\/2017\/06\/Alphabetisierungskurse.jpg 755w\" sizes=\"auto, (max-width: 450px) 100vw, 450px\" \/>Viele Zuwanderer kommen nach Deutschland, ohne jemals ausreichend schreiben oder lesen gelernt zu haben oder lateinisch alphabetisiert worden zu sein. Das stellt sie vor zwei H\u00fcrden: Sie sollen nicht nur Deutsch sprechen, sondern gleichzeitig auch noch den sicheren Umgang mit der lateinischen Schrift lernen.<\/p>\n<p>F\u00fcr diese Menschen sind die Alphabetisierungsgruppen genau richtig. In kleinen Gruppen helfen speziell weiter gebildete Dozenten den Sch\u00fclern in bis zu 1.300 Unterrichtseinheiten dabei, das Lesen und Schreiben von Texten in lateinischer Schrift mit Erfolg zu lernen. Zudem geben die Lehrkr\u00e4fte ihnen Hilfestellung dabei, insgesamt erfolgreich zu lernen und sich gegenseitig zu unterst\u00fctzen, um weiter zu kommen. So erfahren die Teilnehmer, was in ihnen steckt. Sie k\u00f6nnen am gesellschaftlichen Leben teilhaben und Lehrb\u00fccher so nutzen, dass sie sp\u00e4ter auch andere Deutschkurse besuchen oder sogar alleine weiter lernen k\u00f6nnen.<\/p>\n","protected":false},"excerpt":{"rendered":"<p>Viele Zuwanderer kommen nach Deutschland, ohne jemals ausreichend schreiben oder lesen gelernt zu haben oder lateinisch alphabetisiert worden zu sein. Das stellt sie vor zwei H\u00fcrden: Sie sollen nicht nur Deutsch sprechen, sondern gleichzeitig auch noch den sicheren Umgang mit der lateinischen Schrift lernen. F\u00fcr diese Menschen sind die Alphabetisierungsgruppen genau richtig. In kleinen Gruppen <a href=\"https:\/\/lernstatt-ev.de\/deutschkurs\/alpha\/\" rel=\"nofollow\"><span class=\"sr-only\">Read more about Alphabetisierungskurse<\/span>[&hellip;]<\/a><\/p>\n","protected":false},"author":2,"featured_media":0,"parent":0,"menu_order":0,"comment_status":"closed","ping_status":"closed","template":"template-fullwidth.php","meta":{"footnotes":""},"class_list":["post-93","page","type-page","status-publish","hentry"],"_links":{"self":[{"href":"https:\/\/lernstatt-ev.de\/deutschkurs\/wp-json\/wp\/v2\/pages\/93","targetHints":{"allow":["GET"]}}],"collection":[{"href":"https:\/\/lernstatt-ev.de\/deutschkurs\/wp-json\/wp\/v2\/pages"}],"about":[{"href":"https:\/\/lernstatt-ev.de\/deutschkurs\/wp-json\/wp\/v2\/types\/page"}],"author":[{"embeddable":true,"href":"https:\/\/lernstatt-ev.de\/deutschkurs\/wp-json\/wp\/v2\/users\/2"}],"replies":[{"embeddable":true,"href":"https:\/\/lernstatt-ev.de\/deutschkurs\/wp-json\/wp\/v2\/comments?post=93"}],"version-history":[{"count":4,"href":"https:\/\/lernstatt-ev.de\/deutschkurs\/wp-json\/wp\/v2\/pages\/93\/revisions"}],"predecessor-version":[{"id":331,"href":"https:\/\/lernstatt-ev.de\/deutschkurs\/wp-json\/wp\/v2\/pages\/93\/revisions\/331"}],"wp:attachment":[{"href":"https:\/\/lernstatt-ev.de\/deutschkurs\/wp-json\/wp\/v2\/media?parent=93"}],"curies":[{"name":"wp","href":"https:\/\/api.w.org\/{rel}","templated":true}]}}