{"id":95,"date":"2017-06-28T20:19:57","date_gmt":"2017-06-28T18:19:57","guid":{"rendered":"http:\/\/lernstatt-ev.de\/deutschkurs\/?page_id=95"},"modified":"2025-06-16T18:47:46","modified_gmt":"2025-06-16T16:47:46","slug":"jugend-und-orientierungskurse","status":"publish","type":"page","link":"https:\/\/lernstatt-ev.de\/deutschkurs\/jugend-und-orientierungskurse\/","title":{"rendered":"Geringliteralisiertenkurse"},"content":{"rendered":"<p><img loading=\"lazy\" decoding=\"async\" class=\"alignright wp-image-332\" src=\"http:\/\/lernstatt-ev.de\/deutschkurs\/wp-content\/uploads\/2017\/06\/Jugendintegrationskurse-300x199.jpg\" alt=\"Jugendintegrationskurse\" width=\"450\" height=\"298\" srcset=\"https:\/\/lernstatt-ev.de\/deutschkurs\/wp-content\/uploads\/2017\/06\/Jugendintegrationskurse-300x199.jpg 300w, https:\/\/lernstatt-ev.de\/deutschkurs\/wp-content\/uploads\/2017\/06\/Jugendintegrationskurse.jpg 755w\" sizes=\"auto, (max-width: 450px) 100vw, 450px\" \/>Der Kurs f\u00fcr gering Literalisierte richtet sich insbesondere an Zugewanderte, die bereits lateinisch alphabetisiert, jedoch schrift- und lernungewohnt sind. Die schriftsprachlichen Kompetenzen dieser Personen liegen in der Regel auf einem niedrigen Niveau, so dass sie grunds\u00e4tzlich den Anforderungen einer stark verschriftlichten Gesellschaft nicht gerecht werden k\u00f6nnen. Im Unterschied zu Analphabetinnen und Analphabeten aus anderen Schriftsystemen sind diese Personen allerdings grunds\u00e4tzlich in lateinischer Schrift alphabetisiert, der Umgang mit Texten bereitet ihnen allerdings gro\u00dfe Schwierigkeiten. Mit dem Kurs f\u00fcr gering Literarisierte sollen individuelle Lernvoraussetzungen dieser Zielgruppen noch st\u00e4rker ber\u00fccksichtigt und eine passgenauere Sprachf\u00f6rderung erm\u00f6glicht werden. Der Kurs hat 900 UE + 300 UE Wiederholerkurs + 100 UE Orientierungskurs<\/p>\n","protected":false},"excerpt":{"rendered":"<p>Der Kurs f\u00fcr gering Literalisierte richtet sich insbesondere an Zugewanderte, die bereits lateinisch alphabetisiert, jedoch schrift- und lernungewohnt sind. Die schriftsprachlichen Kompetenzen dieser Personen liegen in der Regel auf einem niedrigen Niveau, so dass sie grunds\u00e4tzlich den Anforderungen einer stark verschriftlichten Gesellschaft nicht gerecht werden k\u00f6nnen. Im Unterschied zu Analphabetinnen und Analphabeten aus anderen Schriftsystemen <a href=\"https:\/\/lernstatt-ev.de\/deutschkurs\/jugend-und-orientierungskurse\/\" rel=\"nofollow\"><span class=\"sr-only\">Read more about Geringliteralisiertenkurse<\/span>[&hellip;]<\/a><\/p>\n","protected":false},"author":2,"featured_media":0,"parent":0,"menu_order":0,"comment_status":"closed","ping_status":"closed","template":"template-fullwidth.php","meta":{"footnotes":""},"class_list":["post-95","page","type-page","status-publish","hentry"],"_links":{"self":[{"href":"https:\/\/lernstatt-ev.de\/deutschkurs\/wp-json\/wp\/v2\/pages\/95","targetHints":{"allow":["GET"]}}],"collection":[{"href":"https:\/\/lernstatt-ev.de\/deutschkurs\/wp-json\/wp\/v2\/pages"}],"about":[{"href":"https:\/\/lernstatt-ev.de\/deutschkurs\/wp-json\/wp\/v2\/types\/page"}],"author":[{"embeddable":true,"href":"https:\/\/lernstatt-ev.de\/deutschkurs\/wp-json\/wp\/v2\/users\/2"}],"replies":[{"embeddable":true,"href":"https:\/\/lernstatt-ev.de\/deutschkurs\/wp-json\/wp\/v2\/comments?post=95"}],"version-history":[{"count":5,"href":"https:\/\/lernstatt-ev.de\/deutschkurs\/wp-json\/wp\/v2\/pages\/95\/revisions"}],"predecessor-version":[{"id":627,"href":"https:\/\/lernstatt-ev.de\/deutschkurs\/wp-json\/wp\/v2\/pages\/95\/revisions\/627"}],"wp:attachment":[{"href":"https:\/\/lernstatt-ev.de\/deutschkurs\/wp-json\/wp\/v2\/media?parent=95"}],"curies":[{"name":"wp","href":"https:\/\/api.w.org\/{rel}","templated":true}]}}