{"id":97,"date":"2017-06-28T20:20:10","date_gmt":"2017-06-28T18:20:10","guid":{"rendered":"http:\/\/lernstatt-ev.de\/deutschkurs\/?page_id=97"},"modified":"2023-08-10T16:45:46","modified_gmt":"2023-08-10T14:45:46","slug":"kostenlose-niederschweflige-frauenkurse","status":"publish","type":"page","link":"https:\/\/lernstatt-ev.de\/deutschkurs\/kostenlose-niederschweflige-frauenkurse\/","title":{"rendered":"Niederschwellige Frauenkurse\/MiA-Kurse"},"content":{"rendered":"<p>Die niederschwelligen Frauenkurse(MiA) sind kostenlos. Sie werden vom Verein f\u00fcr internationale Jugendarbeit (ViJ) in Stuttgart \u00a0und Bundesministerium f\u00fcr Inneres gef\u00f6rdert.<strong>\u00a0MiA bedeutet &#8222;Migrantinnen einfach stark im Alltag&#8220;. Dahinter steckt ein Kursangebot, in dem sich Frauen gegenseitig st\u00e4rken. Sie machen sich Mut, lernen dazu und erfahren viel Neues.<\/strong><\/p>\n<p>Die MiA-Kurse finden meistens im Klassenzimmer statt. Dort sprechen Sie \u00fcber Themen, die f\u00fcr Sie wichtig sind. Dabei k\u00f6nnen Sie Ihr Deutsch verbessern.<\/p>\n<p>An manchen Tagen gehen Sie gemeinsam nach drau\u00dfen, zum Beispiel um die Stadt kennenzulernen. Oft gibt es in MiA-Kursen auch noch andere Angebote, zum Beispiel n\u00e4hen, singen oder malen Sie zusammen.<\/p>\n<p>Jede Frau mit Migrationshintergrund (aus den L\u00e4ndern au\u00dferhalb Westeuropas, Nordamerikas und Australiens) kann kostenlos teilnehmen. Die Kursthemen sind alltagsbezogen und k\u00f6nnen von den Teilnehmern vorgeschlagen werden.<\/p>\n<p>https:\/\/www.bamf.de\/DE\/Themen\/Integration\/ZugewanderteTeilnehmende\/AngeboteFrauen\/Kursprogramm-MiA\/kursprogramm-mia-node.html<\/p>\n","protected":false},"excerpt":{"rendered":"<p>Die niederschwelligen Frauenkurse(MiA) sind kostenlos. Sie werden vom Verein f\u00fcr internationale Jugendarbeit (ViJ) in Stuttgart \u00a0und Bundesministerium f\u00fcr Inneres gef\u00f6rdert.\u00a0MiA bedeutet &#8222;Migrantinnen einfach stark im Alltag&#8220;. Dahinter steckt ein Kursangebot, in dem sich Frauen gegenseitig st\u00e4rken. Sie machen sich Mut, lernen dazu und erfahren viel Neues. Die MiA-Kurse finden meistens im Klassenzimmer statt. Dort sprechen <a href=\"https:\/\/lernstatt-ev.de\/deutschkurs\/kostenlose-niederschweflige-frauenkurse\/\" rel=\"nofollow\"><span class=\"sr-only\">Read more about Niederschwellige Frauenkurse\/MiA-Kurse<\/span>[&hellip;]<\/a><\/p>\n","protected":false},"author":2,"featured_media":0,"parent":0,"menu_order":0,"comment_status":"closed","ping_status":"closed","template":"template-fullwidth.php","meta":{"footnotes":""},"class_list":["post-97","page","type-page","status-publish","hentry"],"_links":{"self":[{"href":"https:\/\/lernstatt-ev.de\/deutschkurs\/wp-json\/wp\/v2\/pages\/97","targetHints":{"allow":["GET"]}}],"collection":[{"href":"https:\/\/lernstatt-ev.de\/deutschkurs\/wp-json\/wp\/v2\/pages"}],"about":[{"href":"https:\/\/lernstatt-ev.de\/deutschkurs\/wp-json\/wp\/v2\/types\/page"}],"author":[{"embeddable":true,"href":"https:\/\/lernstatt-ev.de\/deutschkurs\/wp-json\/wp\/v2\/users\/2"}],"replies":[{"embeddable":true,"href":"https:\/\/lernstatt-ev.de\/deutschkurs\/wp-json\/wp\/v2\/comments?post=97"}],"version-history":[{"count":8,"href":"https:\/\/lernstatt-ev.de\/deutschkurs\/wp-json\/wp\/v2\/pages\/97\/revisions"}],"predecessor-version":[{"id":554,"href":"https:\/\/lernstatt-ev.de\/deutschkurs\/wp-json\/wp\/v2\/pages\/97\/revisions\/554"}],"wp:attachment":[{"href":"https:\/\/lernstatt-ev.de\/deutschkurs\/wp-json\/wp\/v2\/media?parent=97"}],"curies":[{"name":"wp","href":"https:\/\/api.w.org\/{rel}","templated":true}]}}